{"id":944,"date":"2016-05-11T12:17:41","date_gmt":"2016-05-11T12:17:41","guid":{"rendered":"http:\/\/galerie3000.ch\/wordpress\/?page_id=944"},"modified":"2016-05-25T21:01:28","modified_gmt":"2016-05-25T21:01:28","slug":"deirdre-oleary","status":"publish","type":"page","link":"https:\/\/galerie3000.ch\/wordpress\/artists\/deirdre-oleary\/","title":{"rendered":"Deirdre O\u2018Leary"},"content":{"rendered":"<p>Deirdre O\u2018Leary<br \/>\nGeboren in Fribourg, Schweiz 1989<br \/>\nLebt und arbeitet in Basel, Schweiz<\/p>\n<p>2011 \u2013 2012 Studium mit Schwerpunkt Malerei und Grafik an der\u00a0Hochschule f\u00fcr Bildende Kunst, Dresden, Deutschland<br \/>\n2012 \u2013 2014 Studium der freien Kunst am Institut Kunst, der Hochschule\u00a0f\u00fcr Gestaltung und Kunst, Fachhochschule Nordwestschweiz, Basel, Schweiz<\/p>\n<p><a href=\"http:\/\/deirdreoleary.com\/de\/\" target=\"_blank\">Website<\/a> der K\u00fcnstlerin.<\/p>\n<p>In der Galerie 3000 im Mai 2016<\/p>\n<blockquote><p><strong>Text zur Ausstellung:<br \/>\n<\/strong>J. legt die hellblaue Jacke ab und verharrt unter Tasmanischen Tannen in Aufnahme und Passivit\u00e4t.<br \/>\nSie betrachtet das Gr\u00fcn, avisiert die k\u00fchl lullende Farbigkeit.<br \/>\nSummende Ger\u00e4usche, bet\u00e4uben die Bl\u00fcten, das Ohr.<\/p>\n<p>Wir setzten uns auf bunte St\u00fchle und stellen Papp Becher auf die runde Tischplatte.<br \/>\nScheppernde Casio Kl\u00e4nge erbauen Plastik Architektur.<br \/>\nWie beweglich die Dinge erscheinen, wie leer die Luft. Kl\u00e4nge entziehen sich in Ritzen, in Falten.<\/p>\n<p>J. z\u00e4hlt die Monde und vergleicht sie mit den Handfl\u00e4chen.<br \/>\nDas Kleid f\u00e4llt in glatte Falten; in die archaische Geometrie der Oberfl\u00e4che.<\/p><\/blockquote>\n<p>Musikvideo von Deirdre O&#8217;Leary f\u00fcr die Band Combineharvester &#8211; 2015:<\/p>\n<p><iframe loading=\"lazy\" title=\"Combineharvester - Horrible Things (Official Video)\" width=\"640\" height=\"360\" src=\"https:\/\/www.youtube.com\/embed\/xdvDqy4GZiU?feature=oembed\" frameborder=\"0\" allow=\"accelerometer; autoplay; clipboard-write; encrypted-media; gyroscope; picture-in-picture; web-share\" referrerpolicy=\"strict-origin-when-cross-origin\" allowfullscreen><\/iframe><\/p>\n<p>&nbsp;<\/p>\n","protected":false},"excerpt":{"rendered":"<p>Deirdre O\u2018Leary Geboren in Fribourg, Schweiz 1989 Lebt und arbeitet in Basel, Schweiz 2011 \u2013 2012 Studium mit Schwerpunkt Malerei und Grafik an der\u00a0Hochschule f\u00fcr Bildende Kunst, Dresden, Deutschland 2012 \u2013 2014 Studium der freien Kunst am Institut Kunst, der&#8230;<\/p>\n","protected":false},"author":2,"featured_media":0,"parent":20,"menu_order":0,"comment_status":"closed","ping_status":"closed","template":"page-template-fullwidth.php","meta":{"footnotes":""},"class_list":["post-944","page","type-page","status-publish","hentry"],"_links":{"self":[{"href":"https:\/\/galerie3000.ch\/wordpress\/wp-json\/wp\/v2\/pages\/944","targetHints":{"allow":["GET"]}}],"collection":[{"href":"https:\/\/galerie3000.ch\/wordpress\/wp-json\/wp\/v2\/pages"}],"about":[{"href":"https:\/\/galerie3000.ch\/wordpress\/wp-json\/wp\/v2\/types\/page"}],"author":[{"embeddable":true,"href":"https:\/\/galerie3000.ch\/wordpress\/wp-json\/wp\/v2\/users\/2"}],"replies":[{"embeddable":true,"href":"https:\/\/galerie3000.ch\/wordpress\/wp-json\/wp\/v2\/comments?post=944"}],"version-history":[{"count":3,"href":"https:\/\/galerie3000.ch\/wordpress\/wp-json\/wp\/v2\/pages\/944\/revisions"}],"predecessor-version":[{"id":957,"href":"https:\/\/galerie3000.ch\/wordpress\/wp-json\/wp\/v2\/pages\/944\/revisions\/957"}],"up":[{"embeddable":true,"href":"https:\/\/galerie3000.ch\/wordpress\/wp-json\/wp\/v2\/pages\/20"}],"wp:attachment":[{"href":"https:\/\/galerie3000.ch\/wordpress\/wp-json\/wp\/v2\/media?parent=944"}],"curies":[{"name":"wp","href":"https:\/\/api.w.org\/{rel}","templated":true}]}}