{"id":793,"date":"2015-05-17T12:15:34","date_gmt":"2015-05-17T12:15:34","guid":{"rendered":"http:\/\/galerie3000.ch\/wordpress\/?page_id=793"},"modified":"2016-12-10T09:13:49","modified_gmt":"2016-12-10T09:13:49","slug":"lorenzo-salafia","status":"publish","type":"page","link":"https:\/\/galerie3000.ch\/wordpress\/artists\/lorenzo-salafia\/","title":{"rendered":"Lorenzo Salafia"},"content":{"rendered":"<p>Lorenzo Salafia (*1983), Bern, CH<br \/>\n<a href=\"http:\/\/lorenzosalafia.ch\/\" target=\"_blank\">Website<\/a> des K\u00fcnstlers<\/p>\n<p>In der Galerie 3000 im Juni 2015 mit der <a href=\"https:\/\/www.facebook.com\/events\/848526738554847\/\" target=\"_blank\">Ausstellung<\/a>:<\/p>\n<p><em><strong>Edition HIMMEL&amp;H\u00d6LLE<\/strong><\/em><\/p>\n<div id=\"attachment_794\" style=\"width: 970px\" class=\"wp-caption aligncenter\"><img loading=\"lazy\" decoding=\"async\" aria-describedby=\"caption-attachment-794\" class=\"wp-image-794 size-full\" src=\"http:\/\/galerie3000.ch\/wordpress\/wp-content\/uploads\/2015\/05\/LorenzoSalafia_low_web2015-e1431864864501.png\" alt=\"Lorenzo Salafia\" width=\"960\" height=\"682\" srcset=\"https:\/\/galerie3000.ch\/wordpress\/wp-content\/uploads\/2015\/05\/LorenzoSalafia_low_web2015-e1431864864501.png 960w, https:\/\/galerie3000.ch\/wordpress\/wp-content\/uploads\/2015\/05\/LorenzoSalafia_low_web2015-e1431864864501-300x213.png 300w\" sizes=\"auto, (max-width: 960px) 100vw, 960px\" \/><p id=\"caption-attachment-794\" class=\"wp-caption-text\">Lorenzo Salafia &#8211; 2015<\/p><\/div>\n<p><span style=\"font-family: 'Avenir Light';\"><span style=\"font-size: medium;\"><b>Edition: HIMMEL &amp; H\u00d6LLE<\/b><\/span><\/span><\/p>\n<p><span style=\"font-family: 'Avenir Light';\"><span style=\"font-size: small;\"><i>Matrizenpapier, LED-Leuchten, Wandmalerei<br \/>\n2015, Lorenzo Salafia<\/i><\/span><\/span><\/p>\n<p><span style=\"color: #000000;\"><span style=\"font-family: 'Avenir Light';\"><span style=\"font-size: medium;\">Lorenzo Salafias Edition in der Galerie 3000 entstand spezifisch f\u00fcr diesen Ausstellungsraum. Lorenzo Salafia sieht in der Form des offenen Schrankes eine \u00c4hnlichkeit mit dem klassischen, im Triptychon angeordneten Tafelbild. <\/span><\/span><\/span><\/p>\n<p><span style=\"color: #000000;\"><span style=\"font-family: 'Avenir Light';\"><span style=\"font-size: medium;\">Dieser Gedankengang findet sich in der Umsetzung der gerahmten und beleuchteten Papierarbeiten wieder. Das Ausz\u00e4hlspiel bildet mit den Spuren der Papierfaltung das grafische Muster der geh\u00e4ngten Arbeiten und ist gleichzeitig die Ausgangslage f\u00fcr die &#8222;Wandmalerei&#8220; im und auf dem Schrank. Das Gesamterlebnis beschreibt Lorenzo Salafia in diesem Fall in seiner Wirkung nicht unweit der Arbeiten von Max Bill.<\/span><\/span><\/span><\/p>\n<p>Der an der Hochschule der Kunst Bern ausgebildete K\u00fcnstler aus Bern arbeitet schwergewichtig ortsspezifisch. Er nimmt die Ausgangslage des Raumes auf und reagiert darauf. Seine formalistische Herangehensweise fokussiert auf eine gewollte \u00e4sthetische Gesamtwirkung. Die Freude des K\u00fcnstlers an der \u00e4sthetischen Erfahrung setzt er mit akkurat und bewusst gesetzten Eingriffen so um, dass es der Betrachterin, dem Betrachter leicht gemacht wird Zugang f\u00fcr sich zu finden.<\/p>\n","protected":false},"excerpt":{"rendered":"<p>Lorenzo Salafia (*1983), Bern, CH Website des K\u00fcnstlers In der Galerie 3000 im Juni 2015 mit der Ausstellung: Edition HIMMEL&amp;H\u00d6LLE Edition: HIMMEL &amp; H\u00d6LLE Matrizenpapier, LED-Leuchten, Wandmalerei 2015, Lorenzo Salafia Lorenzo Salafias Edition in der Galerie 3000 entstand spezifisch f\u00fcr&#8230;<\/p>\n","protected":false},"author":2,"featured_media":0,"parent":20,"menu_order":0,"comment_status":"closed","ping_status":"closed","template":"page-template-fullwidth.php","meta":{"footnotes":""},"class_list":["post-793","page","type-page","status-publish","hentry"],"_links":{"self":[{"href":"https:\/\/galerie3000.ch\/wordpress\/wp-json\/wp\/v2\/pages\/793","targetHints":{"allow":["GET"]}}],"collection":[{"href":"https:\/\/galerie3000.ch\/wordpress\/wp-json\/wp\/v2\/pages"}],"about":[{"href":"https:\/\/galerie3000.ch\/wordpress\/wp-json\/wp\/v2\/types\/page"}],"author":[{"embeddable":true,"href":"https:\/\/galerie3000.ch\/wordpress\/wp-json\/wp\/v2\/users\/2"}],"replies":[{"embeddable":true,"href":"https:\/\/galerie3000.ch\/wordpress\/wp-json\/wp\/v2\/comments?post=793"}],"version-history":[{"count":8,"href":"https:\/\/galerie3000.ch\/wordpress\/wp-json\/wp\/v2\/pages\/793\/revisions"}],"predecessor-version":[{"id":989,"href":"https:\/\/galerie3000.ch\/wordpress\/wp-json\/wp\/v2\/pages\/793\/revisions\/989"}],"up":[{"embeddable":true,"href":"https:\/\/galerie3000.ch\/wordpress\/wp-json\/wp\/v2\/pages\/20"}],"wp:attachment":[{"href":"https:\/\/galerie3000.ch\/wordpress\/wp-json\/wp\/v2\/media?parent=793"}],"curies":[{"name":"wp","href":"https:\/\/api.w.org\/{rel}","templated":true}]}}