{"id":748,"date":"2015-03-29T16:54:03","date_gmt":"2015-03-29T16:54:03","guid":{"rendered":"http:\/\/galerie3000.ch\/wordpress\/?page_id=748"},"modified":"2015-05-25T19:58:50","modified_gmt":"2015-05-25T19:58:50","slug":"daniela-brugger","status":"publish","type":"page","link":"https:\/\/galerie3000.ch\/wordpress\/artists\/daniela-brugger\/","title":{"rendered":"Daniela Brugger"},"content":{"rendered":"<p><em><strong>Daniela Brugger (*1983)<\/strong><\/em><\/p>\n<p><a href=\"http:\/\/www.danielabrugger.ch\/\" target=\"_blank\">Website<\/a> der K\u00fcnstlerin<\/p>\n<p>In der Galerie 3000 vom 02.05. &#8211; 23.05.2015 mit:<\/p>\n<p style=\"padding-left: 30px;\"><strong>far far far far far far far far far far far far far far far<\/strong><\/p>\n<p style=\"padding-left: 30px;\"><strong>far far far far far far far far far far far far far far far<\/strong><\/p>\n<p style=\"padding-left: 30px;\"><strong>far<\/strong><strong>far far far far far far far far far far far far far far\u00a0<\/strong><\/p>\n<p style=\"padding-left: 30px;\"><strong>far far<\/strong><strong>far far far far far far far far far far far far far<\/strong><\/p>\n<p style=\"padding-left: 30px;\"><strong>from wrong<\/strong><\/p>\n<p>&nbsp;<\/p>\n<div id=\"attachment_755\" style=\"width: 1034px\" class=\"wp-caption aligncenter\"><img loading=\"lazy\" decoding=\"async\" aria-describedby=\"caption-attachment-755\" class=\"size-large wp-image-755\" src=\"http:\/\/galerie3000.ch\/wordpress\/wp-content\/uploads\/2015\/03\/IMG_4032_bea-1024x768.jpg\" alt=\"Daniela Brugger\" width=\"1024\" height=\"768\" srcset=\"https:\/\/galerie3000.ch\/wordpress\/wp-content\/uploads\/2015\/03\/IMG_4032_bea-1024x768.jpg 1024w, https:\/\/galerie3000.ch\/wordpress\/wp-content\/uploads\/2015\/03\/IMG_4032_bea-300x225.jpg 300w\" sizes=\"auto, (max-width: 1024px) 100vw, 1024px\" \/><p id=\"caption-attachment-755\" class=\"wp-caption-text\">Daniela Brugger &#8211; 2015<\/p><\/div>\n\n\t\t\t<div id='gallery-748-1' class='gallery gallery-748'>\n\t\t\t\t<div class='gallery-row gallery-col-3 gallery-clear'>\n\t\t\t\t\t<figure class='gallery-item col-3'>\n\t\t\t\t\t\t<div class='gallery-icon '><a href='https:\/\/galerie3000.ch\/wordpress\/artists\/daniela-brugger\/foto-02-05-15-16-13-00\/'><img loading=\"lazy\" decoding=\"async\" width=\"150\" height=\"150\" src=\"https:\/\/galerie3000.ch\/wordpress\/wp-content\/uploads\/2015\/03\/Foto-02.05.15-16-13-00-150x150.jpg\" class=\"attachment-thumbnail size-thumbnail\" alt=\"\" \/><\/a><\/div>\n\t\t\t\t\t\t<figcaption class='gallery-caption'>Daniela Brugger &#8211; 2015 &#8211; Installationsansicht<\/figcaption>\n\t\t\t\t\t<\/figure>\n\t\t\t\t\t<figure class='gallery-item col-3'>\n\t\t\t\t\t\t<div class='gallery-icon '><a href='https:\/\/galerie3000.ch\/wordpress\/artists\/daniela-brugger\/foto-02-05-15-16-13-01\/'><img loading=\"lazy\" decoding=\"async\" width=\"150\" height=\"150\" src=\"https:\/\/galerie3000.ch\/wordpress\/wp-content\/uploads\/2015\/03\/Foto-02.05.15-16-13-01-150x150.jpg\" class=\"attachment-thumbnail size-thumbnail\" alt=\"\" \/><\/a><\/div>\n\t\t\t\t\t\t<figcaption class='gallery-caption'>Daniela Brugger &#8211; 2015 &#8211; Installationsansicht<\/figcaption>\n\t\t\t\t\t<\/figure>\n\t\t\t\t\t<figure class='gallery-item col-3'>\n\t\t\t\t\t\t<div class='gallery-icon '><a href='https:\/\/galerie3000.ch\/wordpress\/artists\/daniela-brugger\/foto-02-05-15-16-13-29\/'><img loading=\"lazy\" decoding=\"async\" width=\"150\" height=\"150\" src=\"https:\/\/galerie3000.ch\/wordpress\/wp-content\/uploads\/2015\/03\/Foto-02.05.15-16-13-29-150x150.jpg\" class=\"attachment-thumbnail size-thumbnail\" alt=\"\" \/><\/a><\/div>\n\t\t\t\t\t\t<figcaption class='gallery-caption'>Daniela Brugger &#8211; 2015 &#8211; Installationsansicht<\/figcaption>\n\t\t\t\t\t<\/figure>\n\t\t\t\t<\/div>\n\t\t\t\t<div class='gallery-row gallery-col-3 gallery-clear'>\n\t\t\t\t\t<figure class='gallery-item col-3'>\n\t\t\t\t\t\t<div class='gallery-icon '><a href='https:\/\/galerie3000.ch\/wordpress\/artists\/daniela-brugger\/foto-02-05-15-16-13-49\/'><img loading=\"lazy\" decoding=\"async\" width=\"150\" height=\"150\" src=\"https:\/\/galerie3000.ch\/wordpress\/wp-content\/uploads\/2015\/03\/Foto-02.05.15-16-13-49-e1430859031486-150x150.jpg\" class=\"attachment-thumbnail size-thumbnail\" alt=\"\" \/><\/a><\/div>\n\t\t\t\t\t\t<figcaption class='gallery-caption'>Daniela Brugger &#8211; 2015 &#8211; Installationsansicht<\/figcaption>\n\t\t\t\t\t<\/figure>\n\t\t\t\t\t<figure class='gallery-item col-3'>\n\t\t\t\t\t\t<div class='gallery-icon '><a href='https:\/\/galerie3000.ch\/wordpress\/artists\/daniela-brugger\/foto-02-05-15-16-13-59\/'><img loading=\"lazy\" decoding=\"async\" width=\"150\" height=\"150\" src=\"https:\/\/galerie3000.ch\/wordpress\/wp-content\/uploads\/2015\/03\/Foto-02.05.15-16-13-59-e1430859013461-150x150.jpg\" class=\"attachment-thumbnail size-thumbnail\" alt=\"\" \/><\/a><\/div>\n\t\t\t\t\t\t<figcaption class='gallery-caption'>Daniela Brugger &#8211; 2015 &#8211; Installationsansicht<\/figcaption>\n\t\t\t\t\t<\/figure>\n\t\t\t\t\t<figure class='gallery-item col-3'>\n\t\t\t\t\t\t<div class='gallery-icon '><a href='https:\/\/galerie3000.ch\/wordpress\/artists\/daniela-brugger\/foto-02-05-15-18-25-41\/'><img loading=\"lazy\" decoding=\"async\" width=\"150\" height=\"150\" src=\"https:\/\/galerie3000.ch\/wordpress\/wp-content\/uploads\/2015\/03\/Foto-02.05.15-18-25-41-150x150.jpg\" class=\"attachment-thumbnail size-thumbnail\" alt=\"\" \/><\/a><\/div>\n\t\t\t\t\t\t<figcaption class='gallery-caption'>Daniela Brugger &#8211; 2015 &#8211; Installationsansicht<\/figcaption>\n\t\t\t\t\t<\/figure>\n\t\t\t\t<\/div>\n\t\t\t<\/div><!-- .gallery -->\n\n<h6><i>Zeichnungen auf kariertem Papier, Lein\u00f6l, Spraylack, Tusche, Grafit, Schrankelemente, Neonr\u00f6hre<br \/>\n<\/i><span style=\"font-family: 'Avenir Light';\"><span style=\"font-size: small;\"><i>2015, Daniela Brugger<\/i><\/span><\/span><\/h6>\n<p>Der mobile Schrank im Gang als Ausstellungsdisplay verbindet Innen- &amp; Aussenraum, Mobilit\u00e4t und Leere in einem Objekt. Die Installation kn\u00fcpft an dieser Gleichzeitigkeit an und sucht verschiedene Blickwinkel und M\u00f6glichkeiten durch das Kombinieren der Zeichnungen und der Einbindung der Umgebung. Durch die Lichtquelle wird das Bestimmte und Unbestimmte bezeichnet. Scheinbar entschieden und gleichzeitig unentschlossen wehrt sich der Fleck gegen das vorgegebene Raster.<\/p>\n<p><span style=\"font-family: 'Avenir Light';\"><span style=\"font-size: medium;\">Ausgehend vom numerischen System und der Faszination f\u00fcr das Lenkbare im Zufall ist seit 2013 eine Vielzahl von Zeichnungen auf kariertem Papier entstanden. Die K\u00fcnstlerin lotet das Spektrum des Schwarz\/Weiss bis hin zu verschiedenen Graustufen und Musterungen aus. Die Technik variiert von Tusche \u00fcber Grafit bis hin zum Lein\u00f6l. Die modularen Zeichnungen lassen sich verschieden kombinieren und streben einen tempor\u00e4ren Zustand an. Ein Stillstand, der jederzeit ver\u00e4nderbar scheint. <\/span><\/span><\/p>\n<p><span style=\"font-family: 'Avenir Light';\"><span style=\"font-size: medium;\">Die Auseinandersetzung mit den Bildern ist stark an Text orientiert. Text als geschriebene und gesprochene Sprache, aber auch Text als Bild. Digitale Daten und Informationen beruhen auf dem bin\u00e4ren Code und sind dadurch immer mehrschichtig lesbar. <\/span><\/span><\/p>\n<p><span style=\"font-family: 'Avenir Light';\"><span style=\"font-size: medium;\">Entsprechend dem gegebenen Material haben die Bilder zwar die gleichen Voraussetzungen (hier das Spiel mit dem Lein\u00f6l &amp; Spray), werden aber durch ihr Eigenleben nie identisch sein.<br \/>\nAuch nicht mit sich selbst.<\/span><\/span><\/p>\n","protected":false},"excerpt":{"rendered":"<p>Daniela Brugger (*1983) Website der K\u00fcnstlerin In der Galerie 3000 vom 02.05. &#8211; 23.05.2015 mit: far far far far far far far far far far far far far far far far far far far far far far far far far&#8230;<\/p>\n","protected":false},"author":2,"featured_media":0,"parent":20,"menu_order":0,"comment_status":"closed","ping_status":"closed","template":"page-template-fullwidth.php","meta":{"footnotes":""},"class_list":["post-748","page","type-page","status-publish","hentry"],"_links":{"self":[{"href":"https:\/\/galerie3000.ch\/wordpress\/wp-json\/wp\/v2\/pages\/748","targetHints":{"allow":["GET"]}}],"collection":[{"href":"https:\/\/galerie3000.ch\/wordpress\/wp-json\/wp\/v2\/pages"}],"about":[{"href":"https:\/\/galerie3000.ch\/wordpress\/wp-json\/wp\/v2\/types\/page"}],"author":[{"embeddable":true,"href":"https:\/\/galerie3000.ch\/wordpress\/wp-json\/wp\/v2\/users\/2"}],"replies":[{"embeddable":true,"href":"https:\/\/galerie3000.ch\/wordpress\/wp-json\/wp\/v2\/comments?post=748"}],"version-history":[{"count":8,"href":"https:\/\/galerie3000.ch\/wordpress\/wp-json\/wp\/v2\/pages\/748\/revisions"}],"predecessor-version":[{"id":811,"href":"https:\/\/galerie3000.ch\/wordpress\/wp-json\/wp\/v2\/pages\/748\/revisions\/811"}],"up":[{"embeddable":true,"href":"https:\/\/galerie3000.ch\/wordpress\/wp-json\/wp\/v2\/pages\/20"}],"wp:attachment":[{"href":"https:\/\/galerie3000.ch\/wordpress\/wp-json\/wp\/v2\/media?parent=748"}],"curies":[{"name":"wp","href":"https:\/\/api.w.org\/{rel}","templated":true}]}}