{"id":416,"date":"2014-05-21T21:53:17","date_gmt":"2014-05-21T19:53:17","guid":{"rendered":"http:\/\/galerie3000.ch\/?page_id=416"},"modified":"2015-03-29T16:45:25","modified_gmt":"2015-03-29T16:45:25","slug":"park","status":"publish","type":"page","link":"https:\/\/galerie3000.ch\/wordpress\/park\/","title":{"rendered":"Die Galerie im Park &#8211; vier Wochenenden im August 2014 voller Kunst im Liebefeldpark"},"content":{"rendered":"<p>&nbsp;<\/p>\n<p><img loading=\"lazy\" decoding=\"async\" class=\"alignleft size-full wp-image-742\" src=\"http:\/\/galerie3000.ch\/wordpress\/wp-content\/uploads\/2014\/05\/Foto-09.04.14-15-28-57.jpg\" alt=\"Foto-09.04.14-15-28-57\" width=\"2056\" height=\"856\" srcset=\"https:\/\/galerie3000.ch\/wordpress\/wp-content\/uploads\/2014\/05\/Foto-09.04.14-15-28-57.jpg 2056w, https:\/\/galerie3000.ch\/wordpress\/wp-content\/uploads\/2014\/05\/Foto-09.04.14-15-28-57-300x125.jpg 300w, https:\/\/galerie3000.ch\/wordpress\/wp-content\/uploads\/2014\/05\/Foto-09.04.14-15-28-57-1024x426.jpg 1024w\" sizes=\"auto, (max-width: 2056px) 100vw, 2056px\" \/><\/p>\n<p>Die Galerie 3000 ist im August 2014 bei den Menschen im Liebefeld Park. <a href=\"http:\/\/galerie3000.ch\/wordpress\/wp-content\/uploads\/2014\/05\/Flyer-Galerie-im-Park.pdf\" target=\"_blank\">Einladungskarte als PDF<\/a><\/p>\n<p><strong>Wann<\/strong>: Samstag und Sonntag von jeweils 13:00h &#8211; 18:00h (9.+10., 16.+17.,23.+24. und 30.+31.8.2014)<\/p>\n<p>Rechtzeitig eingeladen werden Sie per <a href=\"http:\/\/galerie3000.ch\/contact\/newsletter\/\" target=\"_blank\">Newsletter<\/a> oder <a href=\"https:\/\/www.facebook.com\/Galerie3000\" target=\"_blank\">Facebook<\/a><\/p>\n<p>Diese <strong>K\u00fcnstlerinnen und K\u00fcnstler<\/strong> werden Arbeiten im Park zeigen und pr\u00e4sent sein:<\/p>\n<div style=\"color: #000000;\">&#8211; <a href=\"http:\/\/carolinevongunten.ch\/\" target=\"_blank\">Caroline von Gunten<\/a><\/div>\n<div style=\"color: #000000;\">&#8211; <a href=\"http:\/\/galerie3000.ch\/artists\/florian-thate\/\" target=\"_blank\">Florian Thate<\/a><br \/>\n&#8211; <a href=\"http:\/\/gregorysugnaux.weebly.com\/\" target=\"_blank\">Gr\u00e9gory Sugnaux<\/a><\/div>\n<div style=\"color: #000000;\">&#8211; Liza Trottet<br \/>\n&#8211; <a href=\"http:\/\/www.barbezat-villetard.com\/\" target=\"_blank\">Matthieu Barbezat &amp; Camille Villetard<\/a><\/div>\n<div style=\"color: #000000;\">&#8211; Miro Aron<\/div>\n<div style=\"color: #000000;\">&#8211; <a href=\"http:\/\/martinjakob.ch\/\" target=\"_blank\">Martin Jakob<\/a><\/div>\n<div style=\"color: #000000;\">&#8211; Peter Schreuder<\/div>\n<div style=\"color: #000000;\">&#8211; Sinae Yoo<\/div>\n<div style=\"color: #000000;\">&#8211; <a href=\"http:\/\/timmesseiller.biz\/\" target=\"_blank\">Tim Messeiller<\/a><\/div>\n<p>Hier finden Sie <a href=\"https:\/\/flic.kr\/s\/aHsk3bhnyh\" target=\"_blank\">zahlreiche Bilder der vier Wochenenden<\/a>.<\/p>\n<p>&nbsp;<\/p>\n<p><a href=\"http:\/\/galerie3000.ch\/wordpress\/wp-content\/uploads\/2014\/05\/Flyer-Recto.jpg\"><img loading=\"lazy\" decoding=\"async\" class=\"alignleft wp-image-745 size-medium\" src=\"http:\/\/galerie3000.ch\/wordpress\/wp-content\/uploads\/2014\/05\/Flyer-Recto-300x214.jpg\" alt=\"Flyer-Recto\" width=\"300\" height=\"214\" srcset=\"https:\/\/galerie3000.ch\/wordpress\/wp-content\/uploads\/2014\/05\/Flyer-Recto-300x214.jpg 300w, https:\/\/galerie3000.ch\/wordpress\/wp-content\/uploads\/2014\/05\/Flyer-Recto-1024x732.jpg 1024w, https:\/\/galerie3000.ch\/wordpress\/wp-content\/uploads\/2014\/05\/Flyer-Recto.jpg 1737w\" sizes=\"auto, (max-width: 300px) 100vw, 300px\" \/><\/a> <img loading=\"lazy\" decoding=\"async\" class=\"alignleft size-medium wp-image-746\" src=\"http:\/\/galerie3000.ch\/wordpress\/wp-content\/uploads\/2014\/05\/Flyer-Verso-300x214.jpg\" alt=\"Flyer-Verso\" width=\"300\" height=\"214\" srcset=\"https:\/\/galerie3000.ch\/wordpress\/wp-content\/uploads\/2014\/05\/Flyer-Verso-300x214.jpg 300w, https:\/\/galerie3000.ch\/wordpress\/wp-content\/uploads\/2014\/05\/Flyer-Verso-1024x732.jpg 1024w, https:\/\/galerie3000.ch\/wordpress\/wp-content\/uploads\/2014\/05\/Flyer-Verso.jpg 1737w\" sizes=\"auto, (max-width: 300px) 100vw, 300px\" \/><\/p>\n<p><a href=\"http:\/\/galerie3000.ch\/park\/flyer-verso\/\"><br \/>\n<\/a><\/p>\n<p>&nbsp;<\/p>\n<p>&nbsp;<\/p>\n<p>&nbsp;<\/p>\n<p>&nbsp;<\/p>\n<p>&nbsp;<\/p>\n<p><em><strong>Die Galerie im Park<\/strong><\/em> ist ein Sommerprojekt von\u00a0Neal Byrne Jossen und Simon Lieberherr.<\/p>\n<p>Auf dieser Seite werden Sie laufend \u00fcber die aktuelle Planung und die Ideen der K\u00fcnstlerinnen und K\u00fcnstler informiert.<\/p>\n<p><strong>Lageplan<\/strong> (klicken und zoomen):<br \/>\n<iframe loading=\"lazy\" style=\"border: 0;\" src=\"https:\/\/www.google.com\/maps\/embed?pb=!1m16!1m12!1m3!1d427.06558391993894!2d7.419733251966873!3d46.92818076757289!2m3!1f0!2f0!3f0!3m2!1i1024!2i768!4f13.1!2m1!1sLiebefeld+park!5e1!3m2!1sde!2sch!4v1405544731078\" width=\"400\" height=\"300\" frameborder=\"0\"><\/iframe><br \/>\n<strong>Skizzensammlungen:<\/strong><\/p>\n<ul>\n<li><strong>Gr\u00e9gory Sugnaux<\/strong><\/li>\n<\/ul>\n<div id=\"attachment_570\" style=\"width: 536px\" class=\"wp-caption alignnone\"><img loading=\"lazy\" decoding=\"async\" aria-describedby=\"caption-attachment-570\" class=\" wp-image-570\" src=\"http:\/\/galerie3000.ch\/wp-content\/uploads\/2014\/05\/liebefeldsculpture-600x848.jpg\" alt=\"Gr\u00e9gory Sugnaux\" width=\"526\" height=\"744\" \/><p id=\"caption-attachment-570\" class=\"wp-caption-text\">Gr\u00e9gory Sugnaux<\/p><\/div>\n<ul>\n<li>Sinae Yoo<\/li>\n<\/ul>\n\n<p>_<iframe loading=\"lazy\" src=\"\/\/www.youtube.com\/embed\/PAmIcK0NQak\" width=\"560\" height=\"315\" frameborder=\"0\" allowfullscreen=\"allowfullscreen\"><\/iframe><\/p>\n<ul>\n<li>Liza Trottet<\/li>\n<\/ul>\n<div id=\"attachment_547\" style=\"width: 310px\" class=\"wp-caption alignnone\"><a href=\"http:\/\/galerie3000.ch\/wp-content\/uploads\/2014\/05\/Liza-papier-bulles.jpg\"><img loading=\"lazy\" decoding=\"async\" aria-describedby=\"caption-attachment-547\" class=\"size-medium wp-image-547\" src=\"http:\/\/galerie3000.ch\/wp-content\/uploads\/2014\/05\/Liza-papier-bulles-300x205.jpg\" alt=\"Liza Trottet\" width=\"300\" height=\"205\" \/><\/a><p id=\"caption-attachment-547\" class=\"wp-caption-text\">Liza Trottet<\/p><\/div>\n<p>&nbsp;<\/p>\n<ul>\n<li>Caroline von Gunten<\/li>\n<\/ul>\n<p><a href=\"http:\/\/galerie3000.ch\/wp-content\/uploads\/2014\/05\/Foto-06.08.14-17-31-20.jpg\"><img loading=\"lazy\" decoding=\"async\" class=\"alignnone size-medium wp-image-552\" src=\"http:\/\/galerie3000.ch\/wp-content\/uploads\/2014\/05\/Foto-06.08.14-17-31-20-300x224.jpg\" alt=\"Foto 06.08.14 17 31 20\" width=\"300\" height=\"224\" \/><\/a><\/p>\n<ul>\n<li><a href=\"http:\/\/www.barbezat-villetard.com\/\" target=\"_blank\">Barbezat &amp; Villetard<\/a><\/li>\n<\/ul>\n\n\n<p>&nbsp;<\/p>\n<p>&nbsp;<\/p>\n<p>&nbsp;<\/p>\n<p>&nbsp;<\/p>\n<p>&nbsp;<\/p>\n<p>&nbsp;<\/p>\n<p><a href=\"http:\/\/galerie3000.ch\/wp-content\/uploads\/2014\/05\/BGimPark.jpg\">Peter Schroeder<\/a><\/p>\n<p><a href=\"http:\/\/galerie3000.ch\/wp-content\/uploads\/2014\/05\/flyGIP.jpg\"><img loading=\"lazy\" decoding=\"async\" class=\"alignnone size-medium wp-image-559\" src=\"http:\/\/galerie3000.ch\/wp-content\/uploads\/2014\/05\/flyGIP-200x300.jpg\" alt=\"flyGIP\" width=\"200\" height=\"300\" \/><\/a><\/p>\n<p>&nbsp;<\/p>\n<ul>\n<li>Tim Messeiller:<\/li>\n<\/ul>\n\n<p>&nbsp;<\/p>\n","protected":false},"excerpt":{"rendered":"<p>&nbsp; Die Galerie 3000 ist im August 2014 bei den Menschen im Liebefeld Park. Einladungskarte als PDF Wann: Samstag und Sonntag von jeweils 13:00h &#8211; 18:00h (9.+10., 16.+17.,23.+24. und 30.+31.8.2014) Rechtzeitig eingeladen werden Sie per Newsletter oder Facebook Diese K\u00fcnstlerinnen&#8230;<\/p>\n","protected":false},"author":2,"featured_media":0,"parent":0,"menu_order":0,"comment_status":"closed","ping_status":"closed","template":"page-template-fullwidth.php","meta":{"footnotes":""},"class_list":["post-416","page","type-page","status-publish","hentry"],"_links":{"self":[{"href":"https:\/\/galerie3000.ch\/wordpress\/wp-json\/wp\/v2\/pages\/416","targetHints":{"allow":["GET"]}}],"collection":[{"href":"https:\/\/galerie3000.ch\/wordpress\/wp-json\/wp\/v2\/pages"}],"about":[{"href":"https:\/\/galerie3000.ch\/wordpress\/wp-json\/wp\/v2\/types\/page"}],"author":[{"embeddable":true,"href":"https:\/\/galerie3000.ch\/wordpress\/wp-json\/wp\/v2\/users\/2"}],"replies":[{"embeddable":true,"href":"https:\/\/galerie3000.ch\/wordpress\/wp-json\/wp\/v2\/comments?post=416"}],"version-history":[{"count":3,"href":"https:\/\/galerie3000.ch\/wordpress\/wp-json\/wp\/v2\/pages\/416\/revisions"}],"predecessor-version":[{"id":747,"href":"https:\/\/galerie3000.ch\/wordpress\/wp-json\/wp\/v2\/pages\/416\/revisions\/747"}],"wp:attachment":[{"href":"https:\/\/galerie3000.ch\/wordpress\/wp-json\/wp\/v2\/media?parent=416"}],"curies":[{"name":"wp","href":"https:\/\/api.w.org\/{rel}","templated":true}]}}