{"id":408,"date":"2014-05-17T19:02:14","date_gmt":"2014-05-17T17:02:14","guid":{"rendered":"http:\/\/galerie3000.ch\/?page_id=408"},"modified":"2014-10-07T05:05:57","modified_gmt":"2014-10-07T05:05:57","slug":"tamara-hauser","status":"publish","type":"page","link":"https:\/\/galerie3000.ch\/wordpress\/artists\/tamara-hauser\/","title":{"rendered":"Tamara Hauser"},"content":{"rendered":"<h2>Spr\u00fcche f\u00fcr Lebkuchenherze.<\/h2>\n<p style=\"color: #555555;\">&#8211; erste Einzelausstellung von Tamara Hauser<\/p>\n<address style=\"color: #555555;\">Tamara Hauser, geb 1986; lebt und arbeitet in Z\u00fcrich, Basel und Bern;<br \/>\nBachelorstudium an der Z\u00fcrcher Hochschule der K\u00fcnste in Vermittlung von Kunst und Design. Ende 2009 Gr\u00fcndung des Labels XXY \u2013 handmade unisex clothes and accessories. Von 2010 \u2013 2012 Studium an der Akademie der bildenden K\u00fcnste Wien in der Klasse art in practice bei Ao.Univ.-Prof. Doz. Mag. Judith Huemer. Seit 2012 Studium in der Klasse Objekt-Bildhauerei bei Univ.-Prof. Julian Goethe.<br \/>\n2012 \u2013 13 Masterstudium in Contemporary Arts Practice an der Hochschule der K\u00fcnste Bern. Seit 2013 Masterstudium in Art Education an der Hochschule der K\u00fcnste Bern mit Lehrbef\u00e4higung auf Sekundarstufe II und einem Minor in Kunstgeschichte der Universit\u00e4t Bern.<\/address>\n<address><a href=\"http:\/\/tamarahauser.net\/\" target=\"_blank\">Website<\/a> der K\u00fcnstlerin<\/address>\n<p><a href=\"http:\/\/galerie3000.ch\/wp-content\/uploads\/2014\/05\/w\u00fcrste\u00f6l_nadelexperimente.jpg\"><img loading=\"lazy\" decoding=\"async\" class=\"aligncenter wp-image-450 size-large\" src=\"http:\/\/galerie3000.ch\/wp-content\/uploads\/2014\/05\/w\u00fcrste\u00f6l_nadelexperimente-723x1024.jpg\" alt=\"w\u00fcrste\u00f6l_nadelexperimente\" width=\"723\" height=\"1024\" \/><\/a><\/p>\n<p>&nbsp;<\/p>\n<p><strong>TAMARA HAUSER<\/strong><br \/>\n<strong>SPR\u00dcCHE F\u00dcR LEBKUCHENHERZE.<\/strong><br \/>\nVernissage: Samstag, 07. Juni 2014 ab 18 Uhr<br \/>\n\u00d6ffnungszeiten: Freitag: 18 Uhr \u2013 20 Uhr \/ Samstag: 14 Uhr \u2013 16 Uhr<br \/>\nAusstellung: 07. Juni 2014 \u2013 28. Juni 2014<\/p>\n<p>&#8212;<\/p>\n<p>&nbsp;<\/p>\n","protected":false},"excerpt":{"rendered":"<p>Spr\u00fcche f\u00fcr Lebkuchenherze. &#8211; erste Einzelausstellung von Tamara Hauser Tamara Hauser, geb 1986; lebt und arbeitet in Z\u00fcrich, Basel und Bern; Bachelorstudium an der Z\u00fcrcher Hochschule der K\u00fcnste in Vermittlung von Kunst und Design. Ende 2009 Gr\u00fcndung des Labels XXY&#8230;<\/p>\n","protected":false},"author":2,"featured_media":0,"parent":20,"menu_order":0,"comment_status":"closed","ping_status":"closed","template":"page-template-fullwidth.php","meta":{"footnotes":""},"class_list":["post-408","page","type-page","status-publish","hentry"],"_links":{"self":[{"href":"https:\/\/galerie3000.ch\/wordpress\/wp-json\/wp\/v2\/pages\/408","targetHints":{"allow":["GET"]}}],"collection":[{"href":"https:\/\/galerie3000.ch\/wordpress\/wp-json\/wp\/v2\/pages"}],"about":[{"href":"https:\/\/galerie3000.ch\/wordpress\/wp-json\/wp\/v2\/types\/page"}],"author":[{"embeddable":true,"href":"https:\/\/galerie3000.ch\/wordpress\/wp-json\/wp\/v2\/users\/2"}],"replies":[{"embeddable":true,"href":"https:\/\/galerie3000.ch\/wordpress\/wp-json\/wp\/v2\/comments?post=408"}],"version-history":[{"count":2,"href":"https:\/\/galerie3000.ch\/wordpress\/wp-json\/wp\/v2\/pages\/408\/revisions"}],"predecessor-version":[{"id":648,"href":"https:\/\/galerie3000.ch\/wordpress\/wp-json\/wp\/v2\/pages\/408\/revisions\/648"}],"up":[{"embeddable":true,"href":"https:\/\/galerie3000.ch\/wordpress\/wp-json\/wp\/v2\/pages\/20"}],"wp:attachment":[{"href":"https:\/\/galerie3000.ch\/wordpress\/wp-json\/wp\/v2\/media?parent=408"}],"curies":[{"name":"wp","href":"https:\/\/api.w.org\/{rel}","templated":true}]}}