{"id":253,"date":"2014-01-20T12:18:15","date_gmt":"2014-01-20T10:18:15","guid":{"rendered":"http:\/\/galerie3000.ch\/?page_id=253"},"modified":"2014-01-20T12:18:15","modified_gmt":"2014-01-20T10:18:15","slug":"sophie-megan-lee","status":"publish","type":"page","link":"https:\/\/galerie3000.ch\/wordpress\/artists\/sophie-megan-lee\/","title":{"rendered":"Sophie Megan Lee"},"content":{"rendered":"<p><strong>Sophie Megan Lee (*1987, Scunthorpe UK)<\/strong><br \/>\nlebt und arbeitet in Manchester<\/p>\n<p><a href=\"http:\/\/www.sophiemeganlee.com\/\" target=\"_blank\">Homepage<\/a><\/p>\n<p>In der Galerie 3000 vom 20.2. bis 22.3.2014.<\/p>\n<p><a href=\"http:\/\/galerie3000.ch\/wp-content\/uploads\/2014\/01\/image.jpg\"><img loading=\"lazy\" decoding=\"async\" class=\"alignnone size-full wp-image-268\" alt=\"image\" src=\"http:\/\/galerie3000.ch\/wp-content\/uploads\/2014\/01\/image.jpg\" width=\"1024\" height=\"768\" \/><\/a><\/p>\n<p><span style=\"color: #000000;\"><span style=\"font-family: 'Avenir Light';\"><i><b>any structured pattern, 2013<\/b><\/i><\/span><\/span><br \/>\n<span style=\"color: #000000;\"><span style=\"font-family: 'Avenir Light';\">Institutionen wachsen, entwickeln und funktionieren nach einem Muster der Selbstorganisation welches \u00fcber die bewusste Intention der involvierten, einzelnen Menschen hinausgeht.<\/span><\/span><\/p>\n<p><span style=\"color: #000000;\"><span style=\"font-family: 'Avenir Light';\"><span>Organisierte Institutionen f\u00fchren uns in unserem Bestreben nach pers\u00f6nlichem Wohlbefinden. Sie funktionieren als Plattformen nach welchen wir beschliessen unser Leben sinnvoll zu gestalten. In Zeiten \u00f6konomischer und sozialer Unruhen verlieren die organisierten Institutionen ihre Struktur der Sicherheit und Verl\u00e4sslichkeit. Wenn Ver\u00e4nderungen drohen, suchen wir unsere eigenen Gesetzm\u00e4ssigkeiten durch eigene Verhaltensmuster zu ersetzen.<\/span><\/span><\/span><\/p>\n<p><span style=\"color: #000000;\"><span style=\"font-family: 'Avenir Light';\"><span>Diese Arbeit, entstanden in einem K\u00fcnstleraufenthalt in Finnland im August 2013, markiert den Beginn einer Erforschung organisierter Institutionen. <\/span><\/span><\/span><span style=\"color: #000000;\"><span style=\"font-family: 'Avenir Light';\"><span><i><b>any structured pattern<\/b><\/i><\/span><\/span><\/span><span style=\"color: #000000;\"><span style=\"font-family: 'Avenir Light';\"><span> ist ein fortlaufendes Projekt \u00fcber Strukturen welche in gleichem Mass unterst\u00fctzen und begrenzen.<\/span><\/span><\/span><\/p>\n<p><span style=\"color: #000000;\"><span style=\"font-family: 'Avenir Light';\"><span><i><b>any structured pattern<\/b><\/i><\/span><\/span><\/span><span style=\"color: #000000;\"><span style=\"font-family: 'Avenir Light';\"><span> handelt vom Zusammentreffen von Chaos und Ordnung, der Zerbrechlichkeit und der St\u00e4rke, Verl\u00e4sslichkeit und Ersticken.<\/span><\/span><\/span><\/p>\n<p><span style=\"color: #000000;\"><span style=\"font-family: 'Avenir Light';\"><span>Physische Strukturen, erschaffen aus verg\u00e4nglichen Materialien, aneinander gelehnt und sich gegenseitig st\u00fctzend bis zum Punkt des Zusammenbruches.<\/span><\/span><\/span><\/p>\n<p>&nbsp;<\/p>\n<p><strong>Werkbeispiele:<\/strong><\/p>\n<div id=\"attachment_254\" style=\"width: 1010px\" class=\"wp-caption alignnone\"><a href=\"http:\/\/www.sophiemeganlee.com\/p\/plain-jane_24.html\" target=\"_blank\"><img loading=\"lazy\" decoding=\"async\" aria-describedby=\"caption-attachment-254\" class=\"size-full wp-image-254  \" alt=\"Sophie Megan Lee, Plain Jane\" src=\"http:\/\/galerie3000.ch\/wp-content\/uploads\/2014\/01\/Sophie_Lee_PlainJane6.jpg\" width=\"1000\" height=\"857\" \/><\/a><p id=\"caption-attachment-254\" class=\"wp-caption-text\">Sophie Megan Lee, Plain Jane<\/p><\/div>\n<div id=\"attachment_256\" style=\"width: 615px\" class=\"wp-caption alignnone\"><a href=\"http:\/\/www.sophiemeganlee.com\/p\/any-structured-pattern.html\" target=\"_blank\"><img loading=\"lazy\" decoding=\"async\" aria-describedby=\"caption-attachment-256\" class=\" wp-image-256  \" title=\"Sophie Megan Lee, Installationsansicht\" alt=\"Installation-5web\" src=\"http:\/\/galerie3000.ch\/wp-content\/uploads\/2014\/01\/Installation-5web-1024x679.jpg\" width=\"605\" height=\"400\" \/><\/a><p id=\"caption-attachment-256\" class=\"wp-caption-text\">Sophie Megan Lee, Installationsansicht<\/p><\/div>\n<p>&nbsp;<\/p>\n","protected":false},"excerpt":{"rendered":"<p>Sophie Megan Lee (*1987, Scunthorpe UK) lebt und arbeitet in Manchester Homepage In der Galerie 3000 vom 20.2. bis 22.3.2014. any structured pattern, 2013 Institutionen wachsen, entwickeln und funktionieren nach einem Muster der Selbstorganisation welches \u00fcber die bewusste Intention der&#8230;<\/p>\n","protected":false},"author":2,"featured_media":0,"parent":20,"menu_order":0,"comment_status":"closed","ping_status":"closed","template":"full-width-page.php","meta":{"footnotes":""},"class_list":["post-253","page","type-page","status-publish","hentry"],"_links":{"self":[{"href":"https:\/\/galerie3000.ch\/wordpress\/wp-json\/wp\/v2\/pages\/253","targetHints":{"allow":["GET"]}}],"collection":[{"href":"https:\/\/galerie3000.ch\/wordpress\/wp-json\/wp\/v2\/pages"}],"about":[{"href":"https:\/\/galerie3000.ch\/wordpress\/wp-json\/wp\/v2\/types\/page"}],"author":[{"embeddable":true,"href":"https:\/\/galerie3000.ch\/wordpress\/wp-json\/wp\/v2\/users\/2"}],"replies":[{"embeddable":true,"href":"https:\/\/galerie3000.ch\/wordpress\/wp-json\/wp\/v2\/comments?post=253"}],"version-history":[{"count":0,"href":"https:\/\/galerie3000.ch\/wordpress\/wp-json\/wp\/v2\/pages\/253\/revisions"}],"up":[{"embeddable":true,"href":"https:\/\/galerie3000.ch\/wordpress\/wp-json\/wp\/v2\/pages\/20"}],"wp:attachment":[{"href":"https:\/\/galerie3000.ch\/wordpress\/wp-json\/wp\/v2\/media?parent=253"}],"curies":[{"name":"wp","href":"https:\/\/api.w.org\/{rel}","templated":true}]}}