{"id":24,"date":"2013-08-09T23:47:41","date_gmt":"2013-08-09T21:47:41","guid":{"rendered":"http:\/\/galerie3000.ch\/?page_id=24"},"modified":"2023-09-04T07:48:31","modified_gmt":"2023-09-04T07:48:31","slug":"info","status":"publish","type":"page","link":"https:\/\/galerie3000.ch\/wordpress\/info\/","title":{"rendered":"Info"},"content":{"rendered":"\n<p>Die Galerie 3000 war von 2013 bis 2023 ein freier, nicht kommerzieller Ausstellungsraum f\u00fcr zeitgen\u00f6ssische Kunst im PRGOR in Bern. Seit 2023 sind wir Teil des Grand Palais Bern. Als Galerie 3000 sind wir als ein kuratorisches Produktionskollektiv zeitgen\u00f6ssischer Kunst unterwegs.<\/p>\n\n\n\n<figure class=\"wp-block-image size-large\"><a href=\"http:\/\/galerie3000.ch\/wordpress\/wp-content\/uploads\/2023\/09\/DSCN0070-scaled.jpg\"><img loading=\"lazy\" decoding=\"async\" width=\"1024\" height=\"768\" src=\"http:\/\/galerie3000.ch\/wordpress\/wp-content\/uploads\/2023\/09\/DSCN0070-1024x768.jpg\" alt=\"\" class=\"wp-image-1916\" srcset=\"https:\/\/galerie3000.ch\/wordpress\/wp-content\/uploads\/2023\/09\/DSCN0070-1024x768.jpg 1024w, https:\/\/galerie3000.ch\/wordpress\/wp-content\/uploads\/2023\/09\/DSCN0070-300x225.jpg 300w, https:\/\/galerie3000.ch\/wordpress\/wp-content\/uploads\/2023\/09\/DSCN0070-768x576.jpg 768w, https:\/\/galerie3000.ch\/wordpress\/wp-content\/uploads\/2023\/09\/DSCN0070-1536x1152.jpg 1536w, https:\/\/galerie3000.ch\/wordpress\/wp-content\/uploads\/2023\/09\/DSCN0070-2048x1536.jpg 2048w\" sizes=\"auto, (max-width: 1024px) 100vw, 1024px\" \/><\/a><\/figure>\n\n\n\n<figure class=\"wp-block-image\"><img loading=\"lazy\" decoding=\"async\" width=\"800\" height=\"450\" src=\"http:\/\/galerie3000.ch\/wordpress\/wp-content\/uploads\/2020\/02\/49329101638_bd98b4a6b0_c.jpg\" alt=\"\" class=\"wp-image-1444\" srcset=\"https:\/\/galerie3000.ch\/wordpress\/wp-content\/uploads\/2020\/02\/49329101638_bd98b4a6b0_c.jpg 800w, https:\/\/galerie3000.ch\/wordpress\/wp-content\/uploads\/2020\/02\/49329101638_bd98b4a6b0_c-300x169.jpg 300w, https:\/\/galerie3000.ch\/wordpress\/wp-content\/uploads\/2020\/02\/49329101638_bd98b4a6b0_c-768x432.jpg 768w\" sizes=\"auto, (max-width: 800px) 100vw, 800px\" \/><\/figure>\n\n\n\n<p><strong>Up to date<\/strong> bleiben mit dem <strong><a href=\"http:\/\/galerie3000.ch\/contact\/newsletter\/\">Newsletter<\/a><br>Dabei sein auf <a href=\"https:\/\/www.instagram.com\/galerie3000bern\/\" target=\"_blank\" rel=\"noopener noreferrer\">Instagram<\/a><br>Als w\u00e4re man dabei&nbsp; auf <a href=\"https:\/\/www.youtube.com\/channel\/UCUK1KtVWPo4HoX_xve05NlQ\">Youtube<\/a> und tats\u00e4chlich dabei sein als Patreon Unterst\u00fctzung und Teil der <a href=\"https:\/\/www.patreon.com\/g3000\">Gemeinschaft<\/a><br><\/strong><strong>Folgen auf&nbsp; <a href=\"https:\/\/www.facebook.com\/Galerie3000\/\" target=\"_blank\" rel=\"noopener noreferrer\">Facebook<\/a><br><\/strong><strong><a href=\"http:\/\/galerie3000.ch\/download-center\/\">Downloads<\/a><\/strong> (f\u00fcr K\u00fcnstlerInnen).<br><a href=\"http:\/\/galerie3000.ch\/wordpress\/artist-toolbox\/\">Artist Toolbox<\/a> (g\u00e4biges f\u00fcr K\u00fcnstlerinnen und K\u00fcnstler)<br><del>Der Chef<\/del> die Galerie 3000 empfiehlt: <strong><a href=\"http:\/\/galerie3000.ch\/unsere-linksammlung-der-rest-der-welt\/\">Links<\/a><\/strong> (Linksammlung).<br><a href=\"http:\/\/galerie3000.ch\/wordpress\/3000-manifeste\/\">3000 Manifeste<\/a><br>Hier finden Sie unsere <a href=\"http:\/\/galerie3000.ch\/wordpress\/privacy-policy-2\/\">Datenschutzinformationen<\/a><\/p>\n\n\n\n<p>Die Galerie 3000 wird und wurde grossz\u00fcgig unterst\u00fctzt durch:<\/p>\n\n\n\n<figure class=\"wp-block-image\"><img loading=\"lazy\" decoding=\"async\" width=\"300\" height=\"134\" src=\"http:\/\/galerie3000.ch\/wordpress\/wp-content\/uploads\/2013\/08\/Kultur-Stadt-Bern-300x134.jpg\" alt=\"Kultur-Stadt-Bern-300x134\" class=\"wp-image-618\"\/><\/figure>\n\n\n\n<figure class=\"wp-block-image\"><img loading=\"lazy\" decoding=\"async\" width=\"200\" height=\"73\" src=\"http:\/\/galerie3000.ch\/wordpress\/wp-content\/uploads\/2017\/07\/LogoKantonSwissLos.jpg\" alt=\"\" class=\"wp-image-1050\"\/><\/figure>\n\n\n\n<figure class=\"wp-block-image\"><img loading=\"lazy\" decoding=\"async\" width=\"300\" height=\"97\" src=\"http:\/\/galerie3000.ch\/wordpress\/wp-content\/uploads\/2018\/09\/BurgergmeindeBern-300x97.png\" alt=\"\" class=\"wp-image-1274\" srcset=\"https:\/\/galerie3000.ch\/wordpress\/wp-content\/uploads\/2018\/09\/BurgergmeindeBern-300x97.png 300w, https:\/\/galerie3000.ch\/wordpress\/wp-content\/uploads\/2018\/09\/BurgergmeindeBern-768x247.png 768w, https:\/\/galerie3000.ch\/wordpress\/wp-content\/uploads\/2018\/09\/BurgergmeindeBern-1024x330.png 1024w, https:\/\/galerie3000.ch\/wordpress\/wp-content\/uploads\/2018\/09\/BurgergmeindeBern.png 1745w\" sizes=\"auto, (max-width: 300px) 100vw, 300px\" \/><\/figure>\n\n\n\n<p><strong><a href=\"http:\/\/www.temperatio.ch\" target=\"_blank\" rel=\"noopener noreferrer\">Stiftung Temperatio<\/a>&nbsp;<\/strong><\/p>\n\n\n\n<p><a href=\"http:\/\/galerie3000.ch\/wordpress\/contact\/\">Kontaktformular<\/a><\/p>\n\n\n\n<h5 class=\"wp-block-heading\">Und sonst?<\/h5>\n\n\n\n<p>Die Galerie 3000 ist ein von Simon Lieberherr 2013 (mail at galerie3000.ch) initiiertes Projekt.<\/p>\n\n\n\n<p><strong>Team:<br><\/strong>Simon Lieberherr &#8211;&nbsp;Organisator, Initiator<br><a href=\"http:\/\/www.carolinevongunten.ch\" target=\"_blank\" rel=\"noopener noreferrer\">Caroline von Gunten<\/a> &#8211; kuratorische Beratung<br>Andreas Pual Egli &#8211; Head of Everything<br><a href=\"http:\/\/corneliiaa.tumblr.com\">Cornelia Aeby<\/a> &#8211; Grafische Gestaltung<\/p>\n\n\n\n<p>Ja eben, eine Plattform f\u00fcr Experimente, Freiheit, Zukunft und Vermittlung.<\/p>\n\n\n\n<p>Zeitgen\u00f6ssische Kunst frisch ab Presse, tropfend noch vom Schweiss und Blut der K\u00fcnstlerinnen und K\u00fcnstler.<\/p>\n\n\n\n<p>Und: Ein <a href=\"http:\/\/blog.derbund.ch\/kulturstattbern\/blog\/2013\/12\/20\/es-lebe-der-progr\/\" target=\"_blank\" rel=\"noopener noreferrer\">Beitrag<\/a> im Kulturblog der \u00f6rtlichen Zeitung<\/p>\n\n\n","protected":false},"excerpt":{"rendered":"<p>Die Galerie 3000 war von 2013 bis 2023 ein freier, nicht kommerzieller Ausstellungsraum f\u00fcr zeitgen\u00f6ssische Kunst im PRGOR in Bern. Seit 2023 sind wir Teil des Grand Palais Bern. Als Galerie 3000 sind wir als ein kuratorisches Produktionskollektiv zeitgen\u00f6ssischer Kunst&#8230;<\/p>\n","protected":false},"author":2,"featured_media":0,"parent":0,"menu_order":4,"comment_status":"closed","ping_status":"closed","template":"","meta":{"footnotes":""},"class_list":["post-24","page","type-page","status-publish","hentry"],"_links":{"self":[{"href":"https:\/\/galerie3000.ch\/wordpress\/wp-json\/wp\/v2\/pages\/24","targetHints":{"allow":["GET"]}}],"collection":[{"href":"https:\/\/galerie3000.ch\/wordpress\/wp-json\/wp\/v2\/pages"}],"about":[{"href":"https:\/\/galerie3000.ch\/wordpress\/wp-json\/wp\/v2\/types\/page"}],"author":[{"embeddable":true,"href":"https:\/\/galerie3000.ch\/wordpress\/wp-json\/wp\/v2\/users\/2"}],"replies":[{"embeddable":true,"href":"https:\/\/galerie3000.ch\/wordpress\/wp-json\/wp\/v2\/comments?post=24"}],"version-history":[{"count":29,"href":"https:\/\/galerie3000.ch\/wordpress\/wp-json\/wp\/v2\/pages\/24\/revisions"}],"predecessor-version":[{"id":1923,"href":"https:\/\/galerie3000.ch\/wordpress\/wp-json\/wp\/v2\/pages\/24\/revisions\/1923"}],"wp:attachment":[{"href":"https:\/\/galerie3000.ch\/wordpress\/wp-json\/wp\/v2\/media?parent=24"}],"curies":[{"name":"wp","href":"https:\/\/api.w.org\/{rel}","templated":true}]}}