{"id":1781,"date":"2022-12-10T12:52:18","date_gmt":"2022-12-10T12:52:18","guid":{"rendered":"https:\/\/galerie3000.ch\/wordpress\/?page_id=1781"},"modified":"2022-12-25T12:56:12","modified_gmt":"2022-12-25T12:56:12","slug":"ilja-zaharov","status":"publish","type":"page","link":"https:\/\/galerie3000.ch\/wordpress\/ilja-zaharov\/","title":{"rendered":"Ilja Zaharov"},"content":{"rendered":"\n<p>In der Galerie 3000 im Dezember und Januar 2022\/2023<\/p>\n\n\n\n<p>Vernissage: 23.12.2022 18h<\/p>\n\n\n\n<figure class=\"wp-block-image size-large\"><a href=\"https:\/\/galerie3000.ch\/wordpress\/wp-content\/uploads\/2022\/12\/IMG_20221216_110247_861.jpg\"><img loading=\"lazy\" decoding=\"async\" width=\"1024\" height=\"1024\" src=\"https:\/\/galerie3000.ch\/wordpress\/wp-content\/uploads\/2022\/12\/IMG_20221216_110247_861-1024x1024.jpg\" alt=\"\" class=\"wp-image-1794\" srcset=\"https:\/\/galerie3000.ch\/wordpress\/wp-content\/uploads\/2022\/12\/IMG_20221216_110247_861-1024x1024.jpg 1024w, https:\/\/galerie3000.ch\/wordpress\/wp-content\/uploads\/2022\/12\/IMG_20221216_110247_861-300x300.jpg 300w, https:\/\/galerie3000.ch\/wordpress\/wp-content\/uploads\/2022\/12\/IMG_20221216_110247_861-150x150.jpg 150w, https:\/\/galerie3000.ch\/wordpress\/wp-content\/uploads\/2022\/12\/IMG_20221216_110247_861-768x768.jpg 768w, https:\/\/galerie3000.ch\/wordpress\/wp-content\/uploads\/2022\/12\/IMG_20221216_110247_861.jpg 1079w\" sizes=\"auto, (max-width: 1024px) 100vw, 1024px\" \/><\/a><\/figure>\n\n\n\n<p>3.12.2022\u201328.01.2023<br><strong>Cantonale Berne Jura 2022<\/strong><br>Ilja Zaharov<br>kuratiert von Nikolaus Bischoff<\/p>\n\n\n\n<p><br>Cantonale Berne Jura 2022 bezeichnet eine geteilte Ausstellung. Im ersten Sinne des Wortes geteilt l\u00e4sst sich die Schau als eine von allen Beteiligten gemeinsam in Anspruch genommene Sache verstehen. Im anderen Sinne l\u00e4sst sie sich als etwas<br>aus mehreren St\u00fccken zusammengesetztes auffassen, welches eine Trennlinie zwischen den St\u00fccken suggeriert. Die paradoxe Verflechtung von Einheit und Separation konstituiert den roten Faden der Ausstellung(en).<br>Zeitgleich zur Ausstellung von Ilja Zaharov findet in der Stadtgalerie die j\u00e4hrliche Weihnachtsausstellung Cantonale Berne Jura 2022 statt (kuratiert von Luca Beeler), die verschiedene k\u00fcnstlerische Positionen aus dem namensgebenden Kanton pr\u00e4sentiert.<br>Als Grundlage f\u00fcr die gleichnamige Ausstellung Cantonale Berne Jura 2022 von Zaharov (kuratiert von Nikolaus Bischoff) dient das \u00d6ffnen der T\u00fcr, welche die Galerie 3000 mit den R\u00e4umlichkeiten der benachbarten Stadtgalerie verbindet und die dadurch erm\u00f6glichte freie Passage von einer in die andere Institution.<br>Der K\u00fcnstler stellt den f\u00fcr ihn intendierten Ausstellungsraum der Galerie 3000 zus\u00e4tzlichen K\u00fcnstler<em>innen der Kantonale-Schau zur Verf\u00fcgung. Die Galerien erscheinen in der geteilten Ausstellung vereint, werden jedoch separat organisiert und produzieren einhergehend damit hauseigene Ausstellungs-Dokumentationen, -Texte und Veranstaltungen. Folglich vermitteln die zwei Sets von begleitenden Medien eine parallaktische Perspektive auf die geteilte Ausstellung, wodurch Betrachtenden eine komparative Reflexion der Nachbargalerien unterbreitet wird. Dieser Eingriff beinhaltet ein beidseitiges \u00dcbertreten der Grenzen der Institutionen und ihrer Souver\u00e4nit\u00e4ten. In dieser Versuchsanordnung hinterfragt Zaharov die M\u00f6glichkeiten von Gastfreundschaft von Nachbar<\/em>innen, die auf mehreren Ebenen in einem asymmetrischen Verh\u00e4ltnis zueinander stehen und subvertiert seine eigene Rolle als Gast und eingeladener<br>K\u00fcnstler.<br>Abgesehen von der Gr\u00f6\u00dfe des verf\u00fcgbaren Raums, wird auf der Deutungsebene, welche die Separation ins Auge nimmt, auf die \u00f6konomischen und verwaltungstechnischen Differenzen aufmerksam gemacht. So wirkt sich die Beibehaltung der regul\u00e4ren \u00d6ffnungszeiten beider Galerien, welche im Missverh\u00e4ltnis stehen, auf die allgemeine Besucher<em>innen-Erfahrung aus. &#8211; Wer empf\u00e4ngt die Besucher<\/em>innen, durch welche T\u00fcr erhalten sie Ein- und Auslass und wie fassen sie die Ausstellung auf, wenn sie zuerst mit dem einen oder dem anderen Saaltext in Kontakt kommen?<br>Neben dieser kuratorischen Intervention hat Zaharov zwei Werke speziell f\u00fcr diese Schau(en) angefertigt, die direkt an der Schwelle zwischen den Institutionen angesiedelt sind.Ein transparenter PVC-Vorhang, wie er in K\u00fchlh\u00e4usern eingesetzt wird, um Raumtemperaturen zu isolieren, separiert die Heizkosten sparende Galerie 3000 von der beheizten Stadtgalerie.<br>Die unscheinbare Raumtemperatur wird in diesem Fall zum signifikanten Vergleichspunkt, der Sparma\u00dfnahmen k\u00f6rperlich sp\u00fcrbar macht.<\/p>\n\n\n\n<p>Der Form des T\u00fcrrahmens folgt ein Schriftzug in schwarzen Klebebuchstaben. Wie der Titel der Arbeit, Sam Pulitzer, do I like drinking more than self-employment, 2017, expliziert, handelt es sich um ein fremdes Werk, das der K\u00fcnstler appropriiert hat. Pulitzers fragmenthafte Kommentare mit biografischer Note, die eine Ausweglosigkeit aus einer gnadenlos voranschreitenden Neoliberalisierung der Arbeitswelt ansprechen, werfen in ihrem neuen Kontext mehrschichtige Fragen \u00fcber den Konflikt von systemkritischen und selbstkritischen Anspr\u00fcchen auf.<\/p>\n\n\n\n<ul class=\"wp-block-list\">\n<li>Stefan Lux<\/li>\n<\/ul>\n\n\n\n<figure class=\"wp-block-gallery has-nested-images columns-default is-cropped wp-block-gallery-1 is-layout-flex wp-block-gallery-is-layout-flex\">\n<figure class=\"wp-block-image size-large\"><a href=\"https:\/\/galerie3000.ch\/wordpress\/wp-content\/uploads\/2022\/12\/20221223_1825060-scaled.jpg\"><img loading=\"lazy\" decoding=\"async\" width=\"461\" height=\"1024\" data-id=\"1789\" src=\"https:\/\/galerie3000.ch\/wordpress\/wp-content\/uploads\/2022\/12\/20221223_1825060-461x1024.jpg\" alt=\"\" class=\"wp-image-1789\" srcset=\"https:\/\/galerie3000.ch\/wordpress\/wp-content\/uploads\/2022\/12\/20221223_1825060-461x1024.jpg 461w, https:\/\/galerie3000.ch\/wordpress\/wp-content\/uploads\/2022\/12\/20221223_1825060-135x300.jpg 135w, https:\/\/galerie3000.ch\/wordpress\/wp-content\/uploads\/2022\/12\/20221223_1825060-768x1707.jpg 768w, https:\/\/galerie3000.ch\/wordpress\/wp-content\/uploads\/2022\/12\/20221223_1825060-691x1536.jpg 691w, https:\/\/galerie3000.ch\/wordpress\/wp-content\/uploads\/2022\/12\/20221223_1825060-922x2048.jpg 922w, https:\/\/galerie3000.ch\/wordpress\/wp-content\/uploads\/2022\/12\/20221223_1825060-scaled.jpg 1152w\" sizes=\"auto, (max-width: 461px) 100vw, 461px\" \/><\/a><\/figure>\n\n\n\n<figure class=\"wp-block-image size-large\"><a href=\"https:\/\/galerie3000.ch\/wordpress\/wp-content\/uploads\/2022\/12\/20221223_205352-scaled.jpg\"><img loading=\"lazy\" decoding=\"async\" width=\"461\" height=\"1024\" data-id=\"1792\" src=\"https:\/\/galerie3000.ch\/wordpress\/wp-content\/uploads\/2022\/12\/20221223_205352-461x1024.jpg\" alt=\"\" class=\"wp-image-1792\" srcset=\"https:\/\/galerie3000.ch\/wordpress\/wp-content\/uploads\/2022\/12\/20221223_205352-461x1024.jpg 461w, https:\/\/galerie3000.ch\/wordpress\/wp-content\/uploads\/2022\/12\/20221223_205352-135x300.jpg 135w, https:\/\/galerie3000.ch\/wordpress\/wp-content\/uploads\/2022\/12\/20221223_205352-768x1707.jpg 768w, https:\/\/galerie3000.ch\/wordpress\/wp-content\/uploads\/2022\/12\/20221223_205352-691x1536.jpg 691w, https:\/\/galerie3000.ch\/wordpress\/wp-content\/uploads\/2022\/12\/20221223_205352-922x2048.jpg 922w, https:\/\/galerie3000.ch\/wordpress\/wp-content\/uploads\/2022\/12\/20221223_205352-scaled.jpg 1152w\" sizes=\"auto, (max-width: 461px) 100vw, 461px\" \/><\/a><\/figure>\n\n\n\n<figure class=\"wp-block-image size-large\"><a href=\"https:\/\/galerie3000.ch\/wordpress\/wp-content\/uploads\/2022\/12\/20221223_172852-scaled.jpg\"><img loading=\"lazy\" decoding=\"async\" width=\"461\" height=\"1024\" data-id=\"1790\" src=\"https:\/\/galerie3000.ch\/wordpress\/wp-content\/uploads\/2022\/12\/20221223_172852-461x1024.jpg\" alt=\"\" class=\"wp-image-1790\" srcset=\"https:\/\/galerie3000.ch\/wordpress\/wp-content\/uploads\/2022\/12\/20221223_172852-461x1024.jpg 461w, https:\/\/galerie3000.ch\/wordpress\/wp-content\/uploads\/2022\/12\/20221223_172852-135x300.jpg 135w, https:\/\/galerie3000.ch\/wordpress\/wp-content\/uploads\/2022\/12\/20221223_172852-768x1707.jpg 768w, https:\/\/galerie3000.ch\/wordpress\/wp-content\/uploads\/2022\/12\/20221223_172852-691x1536.jpg 691w, https:\/\/galerie3000.ch\/wordpress\/wp-content\/uploads\/2022\/12\/20221223_172852-922x2048.jpg 922w, https:\/\/galerie3000.ch\/wordpress\/wp-content\/uploads\/2022\/12\/20221223_172852-scaled.jpg 1152w\" sizes=\"auto, (max-width: 461px) 100vw, 461px\" \/><\/a><\/figure>\n\n\n\n<figure class=\"wp-block-image size-large\"><a href=\"https:\/\/galerie3000.ch\/wordpress\/wp-content\/uploads\/2022\/12\/20221223_172843-scaled.jpg\"><img loading=\"lazy\" decoding=\"async\" width=\"461\" height=\"1024\" data-id=\"1791\" src=\"https:\/\/galerie3000.ch\/wordpress\/wp-content\/uploads\/2022\/12\/20221223_172843-461x1024.jpg\" alt=\"\" class=\"wp-image-1791\" srcset=\"https:\/\/galerie3000.ch\/wordpress\/wp-content\/uploads\/2022\/12\/20221223_172843-461x1024.jpg 461w, https:\/\/galerie3000.ch\/wordpress\/wp-content\/uploads\/2022\/12\/20221223_172843-135x300.jpg 135w, https:\/\/galerie3000.ch\/wordpress\/wp-content\/uploads\/2022\/12\/20221223_172843-768x1707.jpg 768w, https:\/\/galerie3000.ch\/wordpress\/wp-content\/uploads\/2022\/12\/20221223_172843-691x1536.jpg 691w, https:\/\/galerie3000.ch\/wordpress\/wp-content\/uploads\/2022\/12\/20221223_172843-922x2048.jpg 922w, https:\/\/galerie3000.ch\/wordpress\/wp-content\/uploads\/2022\/12\/20221223_172843-scaled.jpg 1152w\" sizes=\"auto, (max-width: 461px) 100vw, 461px\" \/><\/a><\/figure>\n\n\n\n<figure class=\"wp-block-image size-large\"><a href=\"https:\/\/galerie3000.ch\/wordpress\/wp-content\/uploads\/2022\/12\/20221223_172838-scaled.jpg\"><img loading=\"lazy\" decoding=\"async\" width=\"1024\" height=\"461\" data-id=\"1793\" src=\"https:\/\/galerie3000.ch\/wordpress\/wp-content\/uploads\/2022\/12\/20221223_172838-1024x461.jpg\" alt=\"\" class=\"wp-image-1793\" srcset=\"https:\/\/galerie3000.ch\/wordpress\/wp-content\/uploads\/2022\/12\/20221223_172838-1024x461.jpg 1024w, https:\/\/galerie3000.ch\/wordpress\/wp-content\/uploads\/2022\/12\/20221223_172838-300x135.jpg 300w, https:\/\/galerie3000.ch\/wordpress\/wp-content\/uploads\/2022\/12\/20221223_172838-768x346.jpg 768w, https:\/\/galerie3000.ch\/wordpress\/wp-content\/uploads\/2022\/12\/20221223_172838-1536x691.jpg 1536w, https:\/\/galerie3000.ch\/wordpress\/wp-content\/uploads\/2022\/12\/20221223_172838-2048x922.jpg 2048w\" sizes=\"auto, (max-width: 1024px) 100vw, 1024px\" \/><\/a><\/figure>\n<\/figure>\n","protected":false},"excerpt":{"rendered":"<p>Ilja Zaharov artist<\/p>\n","protected":false},"author":2,"featured_media":0,"parent":0,"menu_order":0,"comment_status":"closed","ping_status":"closed","template":"page-template-fullwidth.php","meta":{"footnotes":""},"class_list":["post-1781","page","type-page","status-publish","hentry"],"_links":{"self":[{"href":"https:\/\/galerie3000.ch\/wordpress\/wp-json\/wp\/v2\/pages\/1781","targetHints":{"allow":["GET"]}}],"collection":[{"href":"https:\/\/galerie3000.ch\/wordpress\/wp-json\/wp\/v2\/pages"}],"about":[{"href":"https:\/\/galerie3000.ch\/wordpress\/wp-json\/wp\/v2\/types\/page"}],"author":[{"embeddable":true,"href":"https:\/\/galerie3000.ch\/wordpress\/wp-json\/wp\/v2\/users\/2"}],"replies":[{"embeddable":true,"href":"https:\/\/galerie3000.ch\/wordpress\/wp-json\/wp\/v2\/comments?post=1781"}],"version-history":[{"count":3,"href":"https:\/\/galerie3000.ch\/wordpress\/wp-json\/wp\/v2\/pages\/1781\/revisions"}],"predecessor-version":[{"id":1795,"href":"https:\/\/galerie3000.ch\/wordpress\/wp-json\/wp\/v2\/pages\/1781\/revisions\/1795"}],"wp:attachment":[{"href":"https:\/\/galerie3000.ch\/wordpress\/wp-json\/wp\/v2\/media?parent=1781"}],"curies":[{"name":"wp","href":"https:\/\/api.w.org\/{rel}","templated":true}]}}