{"id":171,"date":"2013-12-09T20:33:22","date_gmt":"2013-12-09T18:33:22","guid":{"rendered":"http:\/\/galerie3000.ch\/?page_id=171"},"modified":"2013-12-09T20:33:22","modified_gmt":"2013-12-09T18:33:22","slug":"neal-byrne-jossen","status":"publish","type":"page","link":"https:\/\/galerie3000.ch\/wordpress\/artists\/neal-byrne-jossen\/","title":{"rendered":"Neal Byrne Jossen"},"content":{"rendered":"<p><a href=\"http:\/\/www.nealbyrnejossen.com\/\" target=\"_blank\">Neal Byrne Jossen<\/a>\u00a0vom 20.12.2013 &#8211; 18.01.2014 in der Galerie 3000.<\/p>\n<p>Die Arbeiten von Neal Byrne Jossen sind gepr\u00e4gt von grosser Selbstsicherheit, welche sich in seinem klaren, einfachen Strich manifestiert. Neal vermag mit seinen Zeichnungen den Betrachter zu fangen. Der Faszination f\u00fcr die Leichtigkeit mit welcher Neal seine Striche f\u00fchrt, folgt die Bewunderung f\u00fcr die Ausdauer mit welcher einzelne Werke entstanden sind.<\/p>\n<p>Die Suche nach Formen und Ausdruck ist f\u00fcr Neal Teil des Arbeitsprozesses. Neal l\u00e4sst sich von der Zeichnung selbst zu deren endg\u00fcltiger Form f\u00fchren.<\/p>\n<p>Das Bild des K\u00fcnstlers, welcher in tagelanger Arbeit weisse Bl\u00e4tter f\u00fcllt und wie ein fleissiger Arbeiter sein Soll vollbringt kommt einem unweigerlich in den Sinn bei der Betrachtung von Neal Byrne Jossens \u201efish tank\u201c.<\/p>\n<p>Die in der Galerie 3000 pr\u00e4sentierte Arbeit \u201efish tank\u201c ist eine extra f\u00fcr den Schrank um ein drittes Element erweiterte Sammlung von Zeichnungen welche Neal jeweils in einer Art Stop-Motion animiert hat.<\/p>\n<p><img loading=\"lazy\" decoding=\"async\" class=\"alignnone size-large wp-image-174\" alt=\"Neal Byrne Jossen\" src=\"http:\/\/galerie3000.ch\/wordpress\/wp-content\/uploads\/2013\/11\/neal1-846x1024.jpg\" width=\"550\" height=\"665\" srcset=\"https:\/\/galerie3000.ch\/wordpress\/wp-content\/uploads\/2013\/11\/neal1-846x1024.jpg 846w, https:\/\/galerie3000.ch\/wordpress\/wp-content\/uploads\/2013\/11\/neal1-248x300.jpg 248w, https:\/\/galerie3000.ch\/wordpress\/wp-content\/uploads\/2013\/11\/neal1-600x725.jpg 600w\" sizes=\"auto, (max-width: 550px) 100vw, 550px\" \/><\/p>\n<p>Projektskizze, Neal Byrne Jossen, 2013<\/p>\n<div id=\"attachment_233\" style=\"width: 560px\" class=\"wp-caption alignnone\"><a href=\"http:\/\/galerie3000.ch\/wordpress\/wp-content\/uploads\/2013\/12\/nealbjossen1.jpg\"><img loading=\"lazy\" decoding=\"async\" aria-describedby=\"caption-attachment-233\" class=\"size-large wp-image-233\" alt=\"Neal Byrne Jossen, Ausstellungsansicht, 2013\" src=\"http:\/\/galerie3000.ch\/wordpress\/wp-content\/uploads\/2013\/12\/nealbjossen1-1024x768.jpg\" width=\"550\" height=\"412\" srcset=\"https:\/\/galerie3000.ch\/wordpress\/wp-content\/uploads\/2013\/12\/nealbjossen1-1024x768.jpg 1024w, https:\/\/galerie3000.ch\/wordpress\/wp-content\/uploads\/2013\/12\/nealbjossen1-300x225.jpg 300w, https:\/\/galerie3000.ch\/wordpress\/wp-content\/uploads\/2013\/12\/nealbjossen1-600x450.jpg 600w\" sizes=\"auto, (max-width: 550px) 100vw, 550px\" \/><\/a><p id=\"caption-attachment-233\" class=\"wp-caption-text\">Neal Byrne Jossen, Ausstellungsansicht, 2013, Bern<\/p><\/div>\n<p><!-- Place this tag in your head or just before your close body tag. --><br \/>\n<script type=\"text\/javascript\" src=\"https:\/\/apis.google.com\/js\/plusone.js\"><\/script><\/p>\n<p><!-- Place this tag where you want the widget to render. --><\/p>\n<div class=\"g-post\" data-href=\"https:\/\/plus.google.com\/118034854266949922551\/posts\/WkDpEF7Lpk2\"><\/div>\n<p>&nbsp;<\/p>\n<p>Untenstehen finden Sie weitere aktuelle Arbeiten von Neal Byrne Jossen:<\/p>\n<p><a href=\"http:\/\/galerie3000.ch\/wordpress\/wp-content\/uploads\/2013\/12\/Sans-titre1.jpg\"><img loading=\"lazy\" decoding=\"async\" class=\"alignnone size-large wp-image-198\" alt=\"Sans titre\" src=\"http:\/\/galerie3000.ch\/wordpress\/wp-content\/uploads\/2013\/12\/Sans-titre1-1024x724.jpg\" width=\"550\" height=\"388\" srcset=\"https:\/\/galerie3000.ch\/wordpress\/wp-content\/uploads\/2013\/12\/Sans-titre1-1024x724.jpg 1024w, https:\/\/galerie3000.ch\/wordpress\/wp-content\/uploads\/2013\/12\/Sans-titre1-300x212.jpg 300w, https:\/\/galerie3000.ch\/wordpress\/wp-content\/uploads\/2013\/12\/Sans-titre1-600x424.jpg 600w\" sizes=\"auto, (max-width: 550px) 100vw, 550px\" \/><\/a><\/p>\n<p>Ohne Titel, Neal Byrne Jossen, Zeichnung auf Papier, DIN A4<\/p>\n<p><a href=\"http:\/\/galerie3000.ch\/wordpress\/wp-content\/uploads\/2013\/12\/clouds1.jpg\"><img loading=\"lazy\" decoding=\"async\" class=\"alignnone size-large wp-image-199\" alt=\"clouds\" src=\"http:\/\/galerie3000.ch\/wordpress\/wp-content\/uploads\/2013\/12\/clouds1-1024x721.jpg\" width=\"550\" height=\"387\" srcset=\"https:\/\/galerie3000.ch\/wordpress\/wp-content\/uploads\/2013\/12\/clouds1-1024x721.jpg 1024w, https:\/\/galerie3000.ch\/wordpress\/wp-content\/uploads\/2013\/12\/clouds1-300x211.jpg 300w, https:\/\/galerie3000.ch\/wordpress\/wp-content\/uploads\/2013\/12\/clouds1-600x422.jpg 600w\" sizes=\"auto, (max-width: 550px) 100vw, 550px\" \/><\/a><\/p>\n<p>Clouds, Neal Byrne Jossen, Zeichnung auf Papier, DIN A4<\/p>\n<p><a href=\"http:\/\/galerie3000.ch\/wordpress\/wp-content\/uploads\/2013\/12\/fox1.jpg\"><img loading=\"lazy\" decoding=\"async\" class=\"alignnone size-large wp-image-201\" alt=\"fox\" src=\"http:\/\/galerie3000.ch\/wordpress\/wp-content\/uploads\/2013\/12\/fox1-1024x724.jpg\" width=\"550\" height=\"388\" srcset=\"https:\/\/galerie3000.ch\/wordpress\/wp-content\/uploads\/2013\/12\/fox1-1024x724.jpg 1024w, https:\/\/galerie3000.ch\/wordpress\/wp-content\/uploads\/2013\/12\/fox1-300x212.jpg 300w, https:\/\/galerie3000.ch\/wordpress\/wp-content\/uploads\/2013\/12\/fox1-600x424.jpg 600w\" sizes=\"auto, (max-width: 550px) 100vw, 550px\" \/><br \/>\n<\/a><\/p>\n<p>Fox, Neal Byrne Jossen, Zeichnung auf Papier, DIN A4<\/p>\n<p>&nbsp;<\/p>\n<p>&nbsp;<\/p>\n","protected":false},"excerpt":{"rendered":"<p>Neal Byrne Jossen\u00a0vom 20.12.2013 &#8211; 18.01.2014 in der Galerie 3000. Die Arbeiten von Neal Byrne Jossen sind gepr\u00e4gt von grosser Selbstsicherheit, welche sich in seinem klaren, einfachen Strich manifestiert. Neal vermag mit seinen Zeichnungen den Betrachter zu fangen. Der Faszination&#8230;<\/p>\n","protected":false},"author":2,"featured_media":0,"parent":20,"menu_order":0,"comment_status":"closed","ping_status":"closed","template":"full-width-page.php","meta":{"footnotes":""},"class_list":["post-171","page","type-page","status-publish","hentry"],"_links":{"self":[{"href":"https:\/\/galerie3000.ch\/wordpress\/wp-json\/wp\/v2\/pages\/171","targetHints":{"allow":["GET"]}}],"collection":[{"href":"https:\/\/galerie3000.ch\/wordpress\/wp-json\/wp\/v2\/pages"}],"about":[{"href":"https:\/\/galerie3000.ch\/wordpress\/wp-json\/wp\/v2\/types\/page"}],"author":[{"embeddable":true,"href":"https:\/\/galerie3000.ch\/wordpress\/wp-json\/wp\/v2\/users\/2"}],"replies":[{"embeddable":true,"href":"https:\/\/galerie3000.ch\/wordpress\/wp-json\/wp\/v2\/comments?post=171"}],"version-history":[{"count":0,"href":"https:\/\/galerie3000.ch\/wordpress\/wp-json\/wp\/v2\/pages\/171\/revisions"}],"up":[{"embeddable":true,"href":"https:\/\/galerie3000.ch\/wordpress\/wp-json\/wp\/v2\/pages\/20"}],"wp:attachment":[{"href":"https:\/\/galerie3000.ch\/wordpress\/wp-json\/wp\/v2\/media?parent=171"}],"curies":[{"name":"wp","href":"https:\/\/api.w.org\/{rel}","templated":true}]}}