{"id":1555,"date":"2021-04-14T09:34:25","date_gmt":"2021-04-14T09:34:25","guid":{"rendered":"http:\/\/galerie3000.ch\/wordpress\/?page_id=1555"},"modified":"2021-05-23T13:17:02","modified_gmt":"2021-05-23T13:17:02","slug":"brache3000","status":"publish","type":"page","link":"https:\/\/galerie3000.ch\/wordpress\/brache3000\/","title":{"rendered":"Brache 3000"},"content":{"rendered":"\n<figure class=\"wp-block-image size-large\"><a href=\"http:\/\/galerie3000.ch\/wordpress\/wp-content\/uploads\/2021\/04\/mitSkizzen-scaled.jpg\"><img loading=\"lazy\" decoding=\"async\" width=\"1024\" height=\"578\" src=\"http:\/\/galerie3000.ch\/wordpress\/wp-content\/uploads\/2021\/04\/mitSkizzen-1024x578.jpg\" alt=\"\" class=\"wp-image-1558\" srcset=\"https:\/\/galerie3000.ch\/wordpress\/wp-content\/uploads\/2021\/04\/mitSkizzen-1024x578.jpg 1024w, https:\/\/galerie3000.ch\/wordpress\/wp-content\/uploads\/2021\/04\/mitSkizzen-300x169.jpg 300w, https:\/\/galerie3000.ch\/wordpress\/wp-content\/uploads\/2021\/04\/mitSkizzen-768x433.jpg 768w, https:\/\/galerie3000.ch\/wordpress\/wp-content\/uploads\/2021\/04\/mitSkizzen-1536x866.jpg 1536w, https:\/\/galerie3000.ch\/wordpress\/wp-content\/uploads\/2021\/04\/mitSkizzen-2048x1155.jpg 2048w\" sizes=\"auto, (max-width: 1024px) 100vw, 1024px\" \/><\/a><\/figure>\n\n\n\n<p>Gestalte Deine Ausstellung &#8211;&gt; Detailprogramm unten!<\/p>\n\n\n\n<p>Vom 12. bis 16. Mai in der Lorriane auf der Brache am Centralweg<\/p>\n\n\n\n<p>Schnuppernami: 5. Mai 2021, 14h &#8211; 17h<\/p>\n\n\n\n<p>Ausstellung machen: 12. bis 16. Mai, jeweils 14h &#8211; 17h<br>Vernissage\/Er\u00f6ffnung: 16. Mai 15h<\/p>\n\n\n\n<p>Auf der Brache am Centralweg mit dem Spielbetrieb Lorraine und der Galerie 3000 aus dem PROGR sowie der K\u00fcnstlerin Laure Jolissaint und dem K\u00fcnstler Neal Byrne Jossen sowie Kunstvermittlerin Jo\u00eblle Reichmann<\/p>\n\n\n\n<figure class=\"wp-block-image size-large\"><a href=\"http:\/\/galerie3000.ch\/wordpress\/wp-content\/uploads\/2021\/04\/20210415_161817-scaled.jpg\"><img loading=\"lazy\" decoding=\"async\" width=\"1024\" height=\"578\" src=\"http:\/\/galerie3000.ch\/wordpress\/wp-content\/uploads\/2021\/04\/20210415_161817-1024x578.jpg\" alt=\"\" class=\"wp-image-1563\" srcset=\"https:\/\/galerie3000.ch\/wordpress\/wp-content\/uploads\/2021\/04\/20210415_161817-1024x578.jpg 1024w, https:\/\/galerie3000.ch\/wordpress\/wp-content\/uploads\/2021\/04\/20210415_161817-300x169.jpg 300w, https:\/\/galerie3000.ch\/wordpress\/wp-content\/uploads\/2021\/04\/20210415_161817-768x433.jpg 768w, https:\/\/galerie3000.ch\/wordpress\/wp-content\/uploads\/2021\/04\/20210415_161817-1536x866.jpg 1536w, https:\/\/galerie3000.ch\/wordpress\/wp-content\/uploads\/2021\/04\/20210415_161817-2048x1155.jpg 2048w\" sizes=\"auto, (max-width: 1024px) 100vw, 1024px\" \/><\/a><\/figure>\n\n\n\n<p>F\u00fcr keinen Programmpunkt ist eine Anmeldung n\u00f6tig, Anmeldungen sind nur hilfreich f\u00fcr die Planung.<\/p>\n\n\n\n<figure class=\"wp-block-table\"><table><tbody><tr><td>Datum<\/td><td>Zeit<\/td><td>Anlass<\/td><\/tr><tr><td>5.5. 2021<\/td><td>14-1530<\/td><td>Schnuppernami auf dem Spielplatz am Dammwegpark.<br>Wir sind mit dem Mini-Infokiosk vor Ort. Der Kiosk stellt die K\u00fcnstlerinnen und K\u00fcnstler vor, der Kiosk kann bemalt und erweitert werden.<br>Seedbomb-Ausgabe und Infos. Es gibt fr\u00fches Zvieri und interessierte Kinder k\u00f6nnten sich anmelden f\u00fcr gew\u00fcnschte Aktivit\u00e4ten vom 12. bis 16. Mai. Anmeldungen sind hilfreich aber nicht n\u00f6tig.<\/td><\/tr><tr><td>7.5.2021<\/td><td>14-17<\/td><td>Sponsorennachmittag Auf dem Spielplatz im Dammwegpark.<br>Wir stellen das Projekt Brache 3000 mit dem Info-Minikiosk vor. Unsere Vermittlerinnen erkl\u00e4ren interessierten das Projekt, es gibt Seedbomb-Sets und interessierte Kinder k\u00f6nnen sich f\u00fcr gew\u00fcnschte Aktivit\u00e4ten anmelden. Anmeldungen sind hilfreich, aber nicht n\u00f6tig.<\/td><\/tr><tr><td>12.5.2021<\/td><td>14-17<\/td><td>Auf de Brache am Centralweg.<br>&#8211; Vorstellen, Austausch, Besichtigen des Areals und Materials, erstes Ausprobieren, Abschluss mit Ideen sammeln f\u00fcr n\u00e4chste Tage.<\/td><\/tr><tr><td>13.<\/td><td>14-17<\/td><td>Auf de Brache am Centralweg.<br>Schaffen, bauen, fotografieren, drucken, modelieren, malen, zeichnen ganz nach eigenen Geschmack allein oder mit der Hilfe und Unterst\u00fctzung von Laure, Neal, oder Jo\u00eblle.<\/td><\/tr><tr><td>14.<\/td><td>14-17<\/td><td>Auf de Brache am Centralweg.<br>Schaffen, bauen, fotografieren, drucken, modelieren, malen, zeichnen ganz nach eigenen Geschmack allein oder mit der Hilfe und Unterst\u00fctzung von Laure, Neal, oder Jo\u00eblle.<\/td><\/tr><tr><td>15.<\/td><td>14-17<\/td><td>Auf de Brache am Centralweg.<br>Schaffen, bauen, fotografieren, drucken, modelieren, malen, zeichnen ganz nach eigenen Geschmack allein oder mit der Hilfe und Unterst\u00fctzung von Laure, Neal, oder Jo\u00eblle.<\/td><\/tr><tr><td>16.<\/td><td>14-17<\/td><td>Auf de Brache am Centralweg.<br>&#8211; Aufbau der Ausstellung, Er\u00f6ffnung f\u00fcr Besucherinnen und Besucher, Apero, Abschluss<\/td><\/tr><\/tbody><\/table><\/figure>\n\n\n\n<figure class=\"wp-block-gallery columns-2 is-cropped wp-block-gallery-1 is-layout-flex wp-block-gallery-is-layout-flex\"><ul class=\"blocks-gallery-grid\"><li class=\"blocks-gallery-item\"><figure><a href=\"http:\/\/galerie3000.ch\/wordpress\/wp-content\/uploads\/2021\/05\/51180982176_d13e22df52_c.jpg\"><img loading=\"lazy\" decoding=\"async\" width=\"799\" height=\"451\" src=\"http:\/\/galerie3000.ch\/wordpress\/wp-content\/uploads\/2021\/05\/51180982176_d13e22df52_c.jpg\" alt=\"\" data-id=\"1588\" data-full-url=\"http:\/\/galerie3000.ch\/wordpress\/wp-content\/uploads\/2021\/05\/51180982176_d13e22df52_c.jpg\" data-link=\"http:\/\/galerie3000.ch\/wordpress\/brache3000\/51180982176_d13e22df52_c\/\" class=\"wp-image-1588\" srcset=\"https:\/\/galerie3000.ch\/wordpress\/wp-content\/uploads\/2021\/05\/51180982176_d13e22df52_c.jpg 799w, https:\/\/galerie3000.ch\/wordpress\/wp-content\/uploads\/2021\/05\/51180982176_d13e22df52_c-300x169.jpg 300w, https:\/\/galerie3000.ch\/wordpress\/wp-content\/uploads\/2021\/05\/51180982176_d13e22df52_c-768x434.jpg 768w\" sizes=\"auto, (max-width: 799px) 100vw, 799px\" \/><\/a><\/figure><\/li><li class=\"blocks-gallery-item\"><figure><a href=\"http:\/\/galerie3000.ch\/wordpress\/wp-content\/uploads\/2021\/05\/51180982146_cbe91afb4e_c.jpg\"><img loading=\"lazy\" decoding=\"async\" width=\"799\" height=\"451\" src=\"http:\/\/galerie3000.ch\/wordpress\/wp-content\/uploads\/2021\/05\/51180982146_cbe91afb4e_c.jpg\" alt=\"\" data-id=\"1589\" data-full-url=\"http:\/\/galerie3000.ch\/wordpress\/wp-content\/uploads\/2021\/05\/51180982146_cbe91afb4e_c.jpg\" data-link=\"http:\/\/galerie3000.ch\/wordpress\/brache3000\/51180982146_cbe91afb4e_c\/\" class=\"wp-image-1589\" srcset=\"https:\/\/galerie3000.ch\/wordpress\/wp-content\/uploads\/2021\/05\/51180982146_cbe91afb4e_c.jpg 799w, https:\/\/galerie3000.ch\/wordpress\/wp-content\/uploads\/2021\/05\/51180982146_cbe91afb4e_c-300x169.jpg 300w, https:\/\/galerie3000.ch\/wordpress\/wp-content\/uploads\/2021\/05\/51180982146_cbe91afb4e_c-768x434.jpg 768w\" sizes=\"auto, (max-width: 799px) 100vw, 799px\" \/><\/a><\/figure><\/li><\/ul><\/figure>\n","protected":false},"excerpt":{"rendered":"<p>Gestalte Deine Ausstellung &#8211;&gt; Detailprogramm unten! Vom 12. bis 16. Mai in der Lorriane auf der Brache am Centralweg Schnuppernami: 5. Mai 2021, 14h &#8211; 17h Ausstellung machen: 12. bis 16. Mai, jeweils 14h &#8211; 17hVernissage\/Er\u00f6ffnung: 16. Mai 15h Auf&#8230;<\/p>\n","protected":false},"author":2,"featured_media":0,"parent":0,"menu_order":0,"comment_status":"closed","ping_status":"closed","template":"page-template-fullwidth.php","meta":{"footnotes":""},"class_list":["post-1555","page","type-page","status-publish","hentry"],"_links":{"self":[{"href":"https:\/\/galerie3000.ch\/wordpress\/wp-json\/wp\/v2\/pages\/1555","targetHints":{"allow":["GET"]}}],"collection":[{"href":"https:\/\/galerie3000.ch\/wordpress\/wp-json\/wp\/v2\/pages"}],"about":[{"href":"https:\/\/galerie3000.ch\/wordpress\/wp-json\/wp\/v2\/types\/page"}],"author":[{"embeddable":true,"href":"https:\/\/galerie3000.ch\/wordpress\/wp-json\/wp\/v2\/users\/2"}],"replies":[{"embeddable":true,"href":"https:\/\/galerie3000.ch\/wordpress\/wp-json\/wp\/v2\/comments?post=1555"}],"version-history":[{"count":8,"href":"https:\/\/galerie3000.ch\/wordpress\/wp-json\/wp\/v2\/pages\/1555\/revisions"}],"predecessor-version":[{"id":1590,"href":"https:\/\/galerie3000.ch\/wordpress\/wp-json\/wp\/v2\/pages\/1555\/revisions\/1590"}],"wp:attachment":[{"href":"https:\/\/galerie3000.ch\/wordpress\/wp-json\/wp\/v2\/media?parent=1555"}],"curies":[{"name":"wp","href":"https:\/\/api.w.org\/{rel}","templated":true}]}}