{"id":1535,"date":"2021-04-06T19:56:49","date_gmt":"2021-04-06T19:56:49","guid":{"rendered":"http:\/\/galerie3000.ch\/wordpress\/?page_id=1535"},"modified":"2021-05-23T13:14:38","modified_gmt":"2021-05-23T13:14:38","slug":"patric-binda","status":"publish","type":"page","link":"https:\/\/galerie3000.ch\/wordpress\/patric-binda\/","title":{"rendered":"Patric Binda"},"content":{"rendered":"\n<p>Bienvenue dans l&#8217;univers des Morphelets &#8211; Fresken und Figuren<\/p>\n\n\n\n<p>Eine Ausstellung im Rahmen von <a rel=\"noreferrer noopener\" href=\"https:\/\/connected-space.ch\/\" target=\"_blank\">Connected Space<\/a>, kuratiert von deuxpiece (Alice Wilke).<\/p>\n\n\n\n<figure class=\"wp-block-image size-large\"><a href=\"http:\/\/galerie3000.ch\/wordpress\/wp-content\/uploads\/2021\/04\/banner_binda_05.jpg\"><img loading=\"lazy\" decoding=\"async\" width=\"851\" height=\"315\" src=\"http:\/\/galerie3000.ch\/wordpress\/wp-content\/uploads\/2021\/04\/banner_binda_05.jpg\" alt=\"\" class=\"wp-image-1547\" srcset=\"https:\/\/galerie3000.ch\/wordpress\/wp-content\/uploads\/2021\/04\/banner_binda_05.jpg 851w, https:\/\/galerie3000.ch\/wordpress\/wp-content\/uploads\/2021\/04\/banner_binda_05-300x111.jpg 300w, https:\/\/galerie3000.ch\/wordpress\/wp-content\/uploads\/2021\/04\/banner_binda_05-768x284.jpg 768w\" sizes=\"auto, (max-width: 851px) 100vw, 851px\" \/><\/a><\/figure>\n\n\n\n<p>Der in Basel lebende und arbeitende K\u00fcnstler Patric Binda erschafft seit fast 10 Jahren ein Paralleluniversum rund um die sogenannten \u201eMorphelets&#8220;,&nbsp;den einzigartigen&nbsp;Mischwesen aus Mensch und Tier. Seine Werkreihen fertigt er aus recycelten Materialien und antiken Fundst\u00fccken als historische Referenzen auf die abendl\u00e4ndische Kunst und hinterfragt dabei gesellschaftliche Konventionen und westliche Glaubensvorstellungen.<\/p>\n\n\n\n<p>Deuxpiece ist ein unabh\u00e4ngiges Projekt f\u00fcr zeitgen\u00f6ssische Kunstpraktiken. Seit 2009 entwickelt das Kuratorinnenkolletiv Ausstellungen, Veranstaltungen und Publikationen zusammen mit jungen Kunstschaffenden. Deuxpiece ist nomadisch unterwegs und wirkt in Zusammenarbeit und im Austausch mit anderen Kunstr\u00e4umen und Initiativen.<\/p>\n\n\n\n<p><strong>Ausstellung<\/strong>&nbsp;23. April \u2013 21. Mai.&nbsp;<strong>Auftakt<\/strong>&nbsp;22. April, 18 Uhr.&nbsp;<\/p>\n\n\n\n<p><strong>Performance Dawn Nilo<\/strong>14. Mai, 18 Uhr.<\/p>\n\n\n\n<p>Conme, come closer now, into the vast unknown&#8230;<\/p>\n\n\n\n<p>Inspiriert von den Archetypen des Alchemisten und des Narren, erforscht Dawn Nilo die Gegens\u00e4tze von<br>Wissen und Nichtwissen mit intelligenter, absurder Naivit\u00e4t. Sie bewegt sich zwischen dem arglosen \u00abfool\u00bb<br>und der disziplinierten Praktikerin des gro\u00dfen Werk. Ihre Praxis umfasst Worte, Geometrie, Malerei, Video und<br>Installation. Mit ihren interaktiven Solo- und Gruppen-Performances konzentriert sie sich auf die pr\u00e4zise<br>Ausf\u00fchrung des reinen, offen und improvisierten Spiels.<\/p>\n\n\n\n<p><a rel=\"noreferrer noopener\" href=\"http:\/\/patricbinda.ch\/\" target=\"_blank\">Patric Binda<\/a><br><a rel=\"noreferrer noopener\" href=\"https:\/\/www.deuxpiece.com\/\" target=\"_blank\">Deuxpiece<\/a><br><a rel=\"noreferrer noopener\" href=\"https:\/\/dawnnilo.com\/\" target=\"_blank\">Dawn Nilo<\/a><\/p>\n\n\n\n<figure class=\"wp-block-gallery columns-3 is-cropped wp-block-gallery-1 is-layout-flex wp-block-gallery-is-layout-flex\"><ul class=\"blocks-gallery-grid\"><li class=\"blocks-gallery-item\"><figure><a href=\"http:\/\/galerie3000.ch\/wordpress\/wp-content\/uploads\/2021\/05\/51197381676_a641c671c1_c.jpg\"><img loading=\"lazy\" decoding=\"async\" width=\"800\" height=\"548\" src=\"http:\/\/galerie3000.ch\/wordpress\/wp-content\/uploads\/2021\/05\/51197381676_a641c671c1_c.jpg\" alt=\"\" data-id=\"1582\" data-full-url=\"http:\/\/galerie3000.ch\/wordpress\/wp-content\/uploads\/2021\/05\/51197381676_a641c671c1_c.jpg\" data-link=\"http:\/\/galerie3000.ch\/wordpress\/patric-binda\/51197381676_a641c671c1_c\/\" class=\"wp-image-1582\" srcset=\"https:\/\/galerie3000.ch\/wordpress\/wp-content\/uploads\/2021\/05\/51197381676_a641c671c1_c.jpg 800w, https:\/\/galerie3000.ch\/wordpress\/wp-content\/uploads\/2021\/05\/51197381676_a641c671c1_c-300x206.jpg 300w, https:\/\/galerie3000.ch\/wordpress\/wp-content\/uploads\/2021\/05\/51197381676_a641c671c1_c-768x526.jpg 768w\" sizes=\"auto, (max-width: 800px) 100vw, 800px\" \/><\/a><figcaption class=\"blocks-gallery-item__caption\">Ausstellungsansicht<\/figcaption><\/figure><\/li><li class=\"blocks-gallery-item\"><figure><a href=\"http:\/\/galerie3000.ch\/wordpress\/wp-content\/uploads\/2021\/05\/51135602206_e2f3c3d401_c.jpg\"><img loading=\"lazy\" decoding=\"async\" width=\"799\" height=\"451\" src=\"http:\/\/galerie3000.ch\/wordpress\/wp-content\/uploads\/2021\/05\/51135602206_e2f3c3d401_c.jpg\" alt=\"\" data-id=\"1583\" data-full-url=\"http:\/\/galerie3000.ch\/wordpress\/wp-content\/uploads\/2021\/05\/51135602206_e2f3c3d401_c.jpg\" data-link=\"http:\/\/galerie3000.ch\/wordpress\/patric-binda\/51135602206_e2f3c3d401_c\/\" class=\"wp-image-1583\" srcset=\"https:\/\/galerie3000.ch\/wordpress\/wp-content\/uploads\/2021\/05\/51135602206_e2f3c3d401_c.jpg 799w, https:\/\/galerie3000.ch\/wordpress\/wp-content\/uploads\/2021\/05\/51135602206_e2f3c3d401_c-300x169.jpg 300w, https:\/\/galerie3000.ch\/wordpress\/wp-content\/uploads\/2021\/05\/51135602206_e2f3c3d401_c-768x434.jpg 768w\" sizes=\"auto, (max-width: 799px) 100vw, 799px\" \/><\/a><figcaption class=\"blocks-gallery-item__caption\">Ausstellungsansicht<\/figcaption><\/figure><\/li><li class=\"blocks-gallery-item\"><figure><a href=\"http:\/\/galerie3000.ch\/wordpress\/wp-content\/uploads\/2021\/05\/51180299617_b836cfdcee_c.jpg\"><img loading=\"lazy\" decoding=\"async\" width=\"799\" height=\"451\" src=\"http:\/\/galerie3000.ch\/wordpress\/wp-content\/uploads\/2021\/05\/51180299617_b836cfdcee_c.jpg\" alt=\"\" data-id=\"1585\" data-full-url=\"http:\/\/galerie3000.ch\/wordpress\/wp-content\/uploads\/2021\/05\/51180299617_b836cfdcee_c.jpg\" data-link=\"http:\/\/galerie3000.ch\/wordpress\/patric-binda\/51180299617_b836cfdcee_c\/\" class=\"wp-image-1585\" srcset=\"https:\/\/galerie3000.ch\/wordpress\/wp-content\/uploads\/2021\/05\/51180299617_b836cfdcee_c.jpg 799w, https:\/\/galerie3000.ch\/wordpress\/wp-content\/uploads\/2021\/05\/51180299617_b836cfdcee_c-300x169.jpg 300w, https:\/\/galerie3000.ch\/wordpress\/wp-content\/uploads\/2021\/05\/51180299617_b836cfdcee_c-768x434.jpg 768w\" sizes=\"auto, (max-width: 799px) 100vw, 799px\" \/><\/a><figcaption class=\"blocks-gallery-item__caption\">Performance by Dawn Nilo<\/figcaption><\/figure><\/li><li class=\"blocks-gallery-item\"><figure><a href=\"http:\/\/galerie3000.ch\/wordpress\/wp-content\/uploads\/2021\/05\/51136712165_b498ee87bd_c.jpg\"><img loading=\"lazy\" decoding=\"async\" width=\"799\" height=\"451\" src=\"http:\/\/galerie3000.ch\/wordpress\/wp-content\/uploads\/2021\/05\/51136712165_b498ee87bd_c.jpg\" alt=\"\" data-id=\"1584\" data-full-url=\"http:\/\/galerie3000.ch\/wordpress\/wp-content\/uploads\/2021\/05\/51136712165_b498ee87bd_c.jpg\" data-link=\"http:\/\/galerie3000.ch\/wordpress\/patric-binda\/51136712165_b498ee87bd_c\/\" class=\"wp-image-1584\" srcset=\"https:\/\/galerie3000.ch\/wordpress\/wp-content\/uploads\/2021\/05\/51136712165_b498ee87bd_c.jpg 799w, https:\/\/galerie3000.ch\/wordpress\/wp-content\/uploads\/2021\/05\/51136712165_b498ee87bd_c-300x169.jpg 300w, https:\/\/galerie3000.ch\/wordpress\/wp-content\/uploads\/2021\/05\/51136712165_b498ee87bd_c-768x434.jpg 768w\" sizes=\"auto, (max-width: 799px) 100vw, 799px\" \/><\/a><figcaption class=\"blocks-gallery-item__caption\">Ausstellungsansicht<\/figcaption><\/figure><\/li><\/ul><\/figure>\n\n\n\n<figure class=\"wp-block-image size-large\"><a href=\"http:\/\/galerie3000.ch\/wordpress\/wp-content\/uploads\/2021\/04\/connectedSpace5.jpg\"><img loading=\"lazy\" decoding=\"async\" width=\"1024\" height=\"390\" src=\"http:\/\/galerie3000.ch\/wordpress\/wp-content\/uploads\/2021\/04\/connectedSpace5-1024x390.jpg\" alt=\"\" class=\"wp-image-1536\" srcset=\"https:\/\/galerie3000.ch\/wordpress\/wp-content\/uploads\/2021\/04\/connectedSpace5-1024x390.jpg 1024w, https:\/\/galerie3000.ch\/wordpress\/wp-content\/uploads\/2021\/04\/connectedSpace5-300x114.jpg 300w, https:\/\/galerie3000.ch\/wordpress\/wp-content\/uploads\/2021\/04\/connectedSpace5-768x292.jpg 768w, https:\/\/galerie3000.ch\/wordpress\/wp-content\/uploads\/2021\/04\/connectedSpace5.jpg 1280w\" sizes=\"auto, (max-width: 1024px) 100vw, 1024px\" \/><\/a><\/figure>\n","protected":false},"excerpt":{"rendered":"<p>Bienvenue dans l&#8217;univers des Morphelets &#8211; Fresken und Figuren Eine Ausstellung im Rahmen von Connected Space, kuratiert von deuxpiece (Alice Wilke). Der in Basel lebende und arbeitende K\u00fcnstler Patric Binda erschafft seit fast 10 Jahren ein Paralleluniversum rund um die&#8230;<\/p>\n","protected":false},"author":2,"featured_media":0,"parent":0,"menu_order":0,"comment_status":"closed","ping_status":"closed","template":"page-template-fullwidth.php","meta":{"footnotes":""},"class_list":["post-1535","page","type-page","status-publish","hentry"],"_links":{"self":[{"href":"https:\/\/galerie3000.ch\/wordpress\/wp-json\/wp\/v2\/pages\/1535","targetHints":{"allow":["GET"]}}],"collection":[{"href":"https:\/\/galerie3000.ch\/wordpress\/wp-json\/wp\/v2\/pages"}],"about":[{"href":"https:\/\/galerie3000.ch\/wordpress\/wp-json\/wp\/v2\/types\/page"}],"author":[{"embeddable":true,"href":"https:\/\/galerie3000.ch\/wordpress\/wp-json\/wp\/v2\/users\/2"}],"replies":[{"embeddable":true,"href":"https:\/\/galerie3000.ch\/wordpress\/wp-json\/wp\/v2\/comments?post=1535"}],"version-history":[{"count":7,"href":"https:\/\/galerie3000.ch\/wordpress\/wp-json\/wp\/v2\/pages\/1535\/revisions"}],"predecessor-version":[{"id":1587,"href":"https:\/\/galerie3000.ch\/wordpress\/wp-json\/wp\/v2\/pages\/1535\/revisions\/1587"}],"wp:attachment":[{"href":"https:\/\/galerie3000.ch\/wordpress\/wp-json\/wp\/v2\/media?parent=1535"}],"curies":[{"name":"wp","href":"https:\/\/api.w.org\/{rel}","templated":true}]}}