{"id":1495,"date":"2020-10-13T19:35:16","date_gmt":"2020-10-13T19:35:16","guid":{"rendered":"http:\/\/galerie3000.ch\/wordpress\/?page_id=1495"},"modified":"2020-10-28T22:06:25","modified_gmt":"2020-10-28T22:06:25","slug":"imperceptible-realite","status":"publish","type":"page","link":"https:\/\/galerie3000.ch\/wordpress\/artists\/imperceptible-realite\/","title":{"rendered":"imperceptible r\u00e9alit\u00e9"},"content":{"rendered":"\n<p>Ein Projekt und eine Ausstellung von Charlotte Aebischer, Nikola H. Mounoud und Zeno Messi.<\/p>\n\n\n\n<p>In der Galerie 3000 vom 30.10.2020 bis 29.11.2020<br><s>Vernissage: 29.10.2020, 18h<\/s> Leider findet auf Grund der aktuellen Lage keine Er\u00f6ffnung statt. M\u00f6gliche \u00d6ffnungszeiten sind derzeit in Abkl\u00e4rung. Besuche nach <a href=\"http:\/\/galerie3000.ch\/wordpress\/contact\/\" data-type=\"page\" data-id=\"22\">Vereinbarung<\/a> sind m\u00f6glich.<\/p>\n\n\n\n<figure class=\"wp-block-image size-large\"><img loading=\"lazy\" decoding=\"async\" width=\"1024\" height=\"488\" src=\"http:\/\/galerie3000.ch\/wordpress\/wp-content\/uploads\/2020\/10\/anamorphose-immeuble-geneve-1024x488.png\" alt=\"\" class=\"wp-image-1497\" srcset=\"https:\/\/galerie3000.ch\/wordpress\/wp-content\/uploads\/2020\/10\/anamorphose-immeuble-geneve-1024x488.png 1024w, https:\/\/galerie3000.ch\/wordpress\/wp-content\/uploads\/2020\/10\/anamorphose-immeuble-geneve-300x143.png 300w, https:\/\/galerie3000.ch\/wordpress\/wp-content\/uploads\/2020\/10\/anamorphose-immeuble-geneve-768x366.png 768w, https:\/\/galerie3000.ch\/wordpress\/wp-content\/uploads\/2020\/10\/anamorphose-immeuble-geneve-1536x732.png 1536w, https:\/\/galerie3000.ch\/wordpress\/wp-content\/uploads\/2020\/10\/anamorphose-immeuble-geneve-2048x975.png 2048w\" sizes=\"auto, (max-width: 1024px) 100vw, 1024px\" \/><\/figure>\n\n\n\n<p>Ausgehend von der Pr\u00e4misse, dass jeder Mensch ein bisschen wie ein Voyeur ist, hilft unsere Installation, St\u00fccke des Alltagslebens zu enth\u00fcllen und erlaubt Ihnen, in die Welt des Voyeurs einzutreten.<br>Diese interaktive Ausstellung, in der Ton, Technologie und Bild miteinander vermischt werden, erm\u00f6glicht es auch, das fotografische Medium durch ein anderes Eintauchen in dieses Medium zu verwirren. Nach mehr als einem Jahr Arbeit ist es uns gelungen, ein Blickverfolgungssystem einzurichten, das auf der Grundlage eines Netzes k\u00fcnstlicher Neuronen arbeitet, d.h. mit Hilfe der KI-Technologie. Die &#8222;nicht wahrnehmbare Realit\u00e4t&#8220; ist aufgrund ihres technologischen Charakters ein Projekt in st\u00e4ndiger Entwicklung. So k\u00f6nnen Sie den Fortschritt zwischen den verschiedenen Anlagen verfolgen.<\/p>\n\n\n\n<p>\/\/FR\/\/<br>En partant du postulat que tout le monde est un peu voyeur, notre installation aide \u00e0 r\u00e9v\u00e9ler des morceaux de quotidien, en permettant d&#8217;entendre ce qui se cache derri\u00e8re les murs.&nbsp;&nbsp;cette exposition interactive qui m\u00eale le son la technologie et l&#8217;image&nbsp; permet aussi de d\u00e9tourner le m\u00e9dia photographique en proposant une immersion&nbsp;diff\u00e9rente&nbsp;dans celui ci.Apr\u00e8s plus d&#8217;un an de travail, nous avons r\u00e9ussi \u00e0 mettre en place un syst\u00e8me d&#8217;eye-tracking qui fonctionne sur la base d&#8217;un r\u00e9seau de neurones artificiels autrement dit qui utilise la technologie de l&#8217;IA.Par son caract\u00e8re technologique, &#8222;imperceptible r\u00e9alit\u00e9&#8220; est un projet en \u00e9volution constante. Il vous sera donc possible de voir la progression entre les diff\u00e9rentes installations.<\/p>\n\n\n\n<p>\/\/ENG\/\/<br>Starting from the premise that everyone is a bit of a voyeur, our installation helps to reveal pieces of everyday life, allowing us to hear what is hidden behind the walls. This interactive exhibition that mixes sound, technology and image also allows to divert the photographic media by proposing a different immersion in it. After more than a year of work, we managed to set up an eye-tracking system that works on the basis of an artificial neuron network, in other words using AI technology. By its technological nature, &#8222;imperceptible reality&#8220; is a project in constant evolution. It will be possible for you to see the progress between the different installations.<br><\/p>\n","protected":false},"excerpt":{"rendered":"<p>Ein Projekt und eine Ausstellung von Charlotte Aebischer, Nikola H. Mounoud und Zeno Messi. In der Galerie 3000 vom 30.10.2020 bis 29.11.2020Vernissage: 29.10.2020, 18h Leider findet auf Grund der aktuellen Lage keine Er\u00f6ffnung statt. M\u00f6gliche \u00d6ffnungszeiten sind derzeit in Abkl\u00e4rung&#8230;.<\/p>\n","protected":false},"author":2,"featured_media":0,"parent":20,"menu_order":0,"comment_status":"closed","ping_status":"closed","template":"page-template-fullwidth.php","meta":{"footnotes":""},"class_list":["post-1495","page","type-page","status-publish","hentry"],"_links":{"self":[{"href":"https:\/\/galerie3000.ch\/wordpress\/wp-json\/wp\/v2\/pages\/1495","targetHints":{"allow":["GET"]}}],"collection":[{"href":"https:\/\/galerie3000.ch\/wordpress\/wp-json\/wp\/v2\/pages"}],"about":[{"href":"https:\/\/galerie3000.ch\/wordpress\/wp-json\/wp\/v2\/types\/page"}],"author":[{"embeddable":true,"href":"https:\/\/galerie3000.ch\/wordpress\/wp-json\/wp\/v2\/users\/2"}],"replies":[{"embeddable":true,"href":"https:\/\/galerie3000.ch\/wordpress\/wp-json\/wp\/v2\/comments?post=1495"}],"version-history":[{"count":2,"href":"https:\/\/galerie3000.ch\/wordpress\/wp-json\/wp\/v2\/pages\/1495\/revisions"}],"predecessor-version":[{"id":1513,"href":"https:\/\/galerie3000.ch\/wordpress\/wp-json\/wp\/v2\/pages\/1495\/revisions\/1513"}],"up":[{"embeddable":true,"href":"https:\/\/galerie3000.ch\/wordpress\/wp-json\/wp\/v2\/pages\/20"}],"wp:attachment":[{"href":"https:\/\/galerie3000.ch\/wordpress\/wp-json\/wp\/v2\/media?parent=1495"}],"curies":[{"name":"wp","href":"https:\/\/api.w.org\/{rel}","templated":true}]}}