{"id":1490,"date":"2020-10-01T21:00:16","date_gmt":"2020-10-01T21:00:16","guid":{"rendered":"http:\/\/galerie3000.ch\/wordpress\/?page_id=1490"},"modified":"2023-04-21T06:52:41","modified_gmt":"2023-04-21T06:52:41","slug":"artist-toolbox","status":"publish","type":"page","link":"https:\/\/galerie3000.ch\/wordpress\/artist-toolbox\/","title":{"rendered":"Artist toolbox"},"content":{"rendered":"\n<p>Hier finden sich n\u00fctzliche Tools f\u00fcr K\u00fcnstlerinnen und K\u00fcnstler und Interessierte:<\/p>\n\n\n\n<p><strong>Ihr m\u00fcsst PDFs verkleinern, \u00e4ndern, bearbeiten und was auch immer w\u00fcstes damit anstellen: <a rel=\"noreferrer noopener\" href=\"https:\/\/smallpdf.com\/\" target=\"_blank\">Smallpdf<\/a> hilft Euch weiter.<\/strong><\/p>\n\n\n\n<p>Nutzt <a href=\"https:\/\/de.libreoffice.org\/\" target=\"_blank\" rel=\"noreferrer noopener\">Libre Office<\/a> statt Word<\/p>\n\n\n\n<p>Flyer und Dossiers gestalten wir mit <a href=\"https:\/\/www.scribus.net\/\" target=\"_blank\" rel=\"noreferrer noopener\">Scribus<\/a><\/p>\n\n\n\n<p>Bilder bearbeiten wir mit GIMP<\/p>\n\n\n\n<p>Filme schneiden wir mit <a href=\"https:\/\/kdenlive.org\/de\/\" target=\"_blank\" rel=\"noreferrer noopener\">KDNLive<\/a><\/p>\n\n\n\n<p>Musik und Podcasts editieren wir mit Audacity<\/p>\n\n\n\n<p>Statt Windows oder Macs k\u00f6nnt ihr Eure Arbeit auch mit Linux erledigen. Es gibt inzwischen sehr ansehnliche Arbeitsumgebungen und Software f\u00fcr all Eure Bed\u00fcrfnisse:<\/p>\n\n\n\n<p><a href=\"https:\/\/fedoraproject.org\/\" target=\"_blank\" rel=\"noreferrer noopener\">Fedora<\/a><\/p>\n\n\n\n<p><a href=\"https:\/\/ubuntu.com\/\" target=\"_blank\" rel=\"noreferrer noopener\">Ubuntu<\/a><\/p>\n\n\n\n<p><\/p>\n","protected":false},"excerpt":{"rendered":"<p>Hier finden sich n\u00fctzliche Tools f\u00fcr K\u00fcnstlerinnen und K\u00fcnstler und Interessierte: Ihr m\u00fcsst PDFs verkleinern, \u00e4ndern, bearbeiten und was auch immer w\u00fcstes damit anstellen: Smallpdf hilft Euch weiter. Nutzt Libre Office statt Word Flyer und Dossiers gestalten wir mit Scribus&#8230;<\/p>\n","protected":false},"author":2,"featured_media":0,"parent":0,"menu_order":0,"comment_status":"closed","ping_status":"closed","template":"","meta":{"footnotes":""},"class_list":["post-1490","page","type-page","status-publish","hentry"],"_links":{"self":[{"href":"https:\/\/galerie3000.ch\/wordpress\/wp-json\/wp\/v2\/pages\/1490","targetHints":{"allow":["GET"]}}],"collection":[{"href":"https:\/\/galerie3000.ch\/wordpress\/wp-json\/wp\/v2\/pages"}],"about":[{"href":"https:\/\/galerie3000.ch\/wordpress\/wp-json\/wp\/v2\/types\/page"}],"author":[{"embeddable":true,"href":"https:\/\/galerie3000.ch\/wordpress\/wp-json\/wp\/v2\/users\/2"}],"replies":[{"embeddable":true,"href":"https:\/\/galerie3000.ch\/wordpress\/wp-json\/wp\/v2\/comments?post=1490"}],"version-history":[{"count":4,"href":"https:\/\/galerie3000.ch\/wordpress\/wp-json\/wp\/v2\/pages\/1490\/revisions"}],"predecessor-version":[{"id":1886,"href":"https:\/\/galerie3000.ch\/wordpress\/wp-json\/wp\/v2\/pages\/1490\/revisions\/1886"}],"wp:attachment":[{"href":"https:\/\/galerie3000.ch\/wordpress\/wp-json\/wp\/v2\/media?parent=1490"}],"curies":[{"name":"wp","href":"https:\/\/api.w.org\/{rel}","templated":true}]}}