{"id":1427,"date":"2019-12-14T15:11:57","date_gmt":"2019-12-14T15:11:57","guid":{"rendered":"http:\/\/galerie3000.ch\/wordpress\/?page_id=1427"},"modified":"2020-02-29T13:08:30","modified_gmt":"2020-02-29T13:08:30","slug":"marion-ritzmann","status":"publish","type":"page","link":"https:\/\/galerie3000.ch\/wordpress\/artists\/marion-ritzmann\/","title":{"rendered":"Marion Ritzmann"},"content":{"rendered":"\n<p><strong>In der Galerie 3000 mit ihrer Einzelausstellung Wall Piece #2<br>28. Dezember 2019 bis 1. Februar 2020<br>Ausstellungser\u00f6ffung 19.12.2019 ab 18h<\/strong><\/p>\n\n\n\n<p><a rel=\"noreferrer noopener\" aria-label=\"Website (opens in a new tab)\" href=\"http:\/\/www.marionritzmann.com\/#news\" target=\"_blank\">Website<\/a> der K\u00fcnstlerin<\/p>\n\n\n\n<figure class=\"wp-block-gallery columns-3 is-cropped wp-block-gallery-1 is-layout-flex wp-block-gallery-is-layout-flex\"><ul class=\"blocks-gallery-grid\"><li class=\"blocks-gallery-item\"><figure><img loading=\"lazy\" decoding=\"async\" width=\"450\" height=\"800\" src=\"http:\/\/galerie3000.ch\/wordpress\/wp-content\/uploads\/2020\/02\/49257548893_b55803ee47_c.jpg\" alt=\"\" data-id=\"1467\" data-full-url=\"http:\/\/galerie3000.ch\/wordpress\/wp-content\/uploads\/2020\/02\/49257548893_b55803ee47_c.jpg\" data-link=\"http:\/\/galerie3000.ch\/wordpress\/artists\/marion-ritzmann\/49257548893_b55803ee47_c\/\" class=\"wp-image-1467\" srcset=\"https:\/\/galerie3000.ch\/wordpress\/wp-content\/uploads\/2020\/02\/49257548893_b55803ee47_c.jpg 450w, https:\/\/galerie3000.ch\/wordpress\/wp-content\/uploads\/2020\/02\/49257548893_b55803ee47_c-169x300.jpg 169w\" sizes=\"auto, (max-width: 450px) 100vw, 450px\" \/><\/figure><\/li><li class=\"blocks-gallery-item\"><figure><img loading=\"lazy\" decoding=\"async\" width=\"800\" height=\"450\" src=\"http:\/\/galerie3000.ch\/wordpress\/wp-content\/uploads\/2020\/02\/49257550223_f349ce03cb_c.jpg\" alt=\"\" data-id=\"1469\" data-full-url=\"http:\/\/galerie3000.ch\/wordpress\/wp-content\/uploads\/2020\/02\/49257550223_f349ce03cb_c.jpg\" data-link=\"http:\/\/galerie3000.ch\/wordpress\/artists\/marion-ritzmann\/49257550223_f349ce03cb_c\/\" class=\"wp-image-1469\" srcset=\"https:\/\/galerie3000.ch\/wordpress\/wp-content\/uploads\/2020\/02\/49257550223_f349ce03cb_c.jpg 800w, https:\/\/galerie3000.ch\/wordpress\/wp-content\/uploads\/2020\/02\/49257550223_f349ce03cb_c-300x169.jpg 300w, https:\/\/galerie3000.ch\/wordpress\/wp-content\/uploads\/2020\/02\/49257550223_f349ce03cb_c-768x432.jpg 768w\" sizes=\"auto, (max-width: 800px) 100vw, 800px\" \/><\/figure><\/li><li class=\"blocks-gallery-item\"><figure><img loading=\"lazy\" decoding=\"async\" width=\"800\" height=\"450\" src=\"http:\/\/galerie3000.ch\/wordpress\/wp-content\/uploads\/2020\/02\/49329101638_bd98b4a6b0_c-1.jpg\" alt=\"\" data-id=\"1470\" data-full-url=\"http:\/\/galerie3000.ch\/wordpress\/wp-content\/uploads\/2020\/02\/49329101638_bd98b4a6b0_c-1.jpg\" data-link=\"http:\/\/galerie3000.ch\/wordpress\/artists\/marion-ritzmann\/49329101638_bd98b4a6b0_c-1\/\" class=\"wp-image-1470\" srcset=\"https:\/\/galerie3000.ch\/wordpress\/wp-content\/uploads\/2020\/02\/49329101638_bd98b4a6b0_c-1.jpg 800w, https:\/\/galerie3000.ch\/wordpress\/wp-content\/uploads\/2020\/02\/49329101638_bd98b4a6b0_c-1-300x169.jpg 300w, https:\/\/galerie3000.ch\/wordpress\/wp-content\/uploads\/2020\/02\/49329101638_bd98b4a6b0_c-1-768x432.jpg 768w\" sizes=\"auto, (max-width: 800px) 100vw, 800px\" \/><\/figure><\/li><li class=\"blocks-gallery-item\"><figure><img loading=\"lazy\" decoding=\"async\" width=\"800\" height=\"450\" src=\"http:\/\/galerie3000.ch\/wordpress\/wp-content\/uploads\/2020\/02\/49257549918_3cce6663ae_c.jpg\" alt=\"\" data-id=\"1468\" data-full-url=\"http:\/\/galerie3000.ch\/wordpress\/wp-content\/uploads\/2020\/02\/49257549918_3cce6663ae_c.jpg\" data-link=\"http:\/\/galerie3000.ch\/wordpress\/artists\/marion-ritzmann\/49257549918_3cce6663ae_c\/\" class=\"wp-image-1468\" srcset=\"https:\/\/galerie3000.ch\/wordpress\/wp-content\/uploads\/2020\/02\/49257549918_3cce6663ae_c.jpg 800w, https:\/\/galerie3000.ch\/wordpress\/wp-content\/uploads\/2020\/02\/49257549918_3cce6663ae_c-300x169.jpg 300w, https:\/\/galerie3000.ch\/wordpress\/wp-content\/uploads\/2020\/02\/49257549918_3cce6663ae_c-768x432.jpg 768w\" sizes=\"auto, (max-width: 800px) 100vw, 800px\" \/><\/figure><\/li><\/ul><\/figure>\n\n\n\n<p>Marion Ritzmann sagt von sich selbst \u00abIch denke und arbeite mit und in Systemen\u00bb. Ihre Arbeiten nehmen immer wieder Bezug auf die gegebenen Bedingungen der einzelnen Ausstellungsr\u00e4ume und treten in einen Dialog mit ihnen. Dies geschieht in Form von adaptiven Raumarbeiten oder anhand von orts- und kontextspezifischen Installationen, die ausschliesslich f\u00fcr einen einzigen Raum geschaffen werden.&nbsp;&nbsp;<\/p>\n\n\n\n<p>Die Arbeit \u00abWall Piece\u00bb wurde bereits zu einem fr\u00fcheren Zeitpunkt in ihrer Ausstellung im Kunstraum Kreuzlingen (2019) in abgewandelter Formation gezeigt. F\u00fcr die Galerie 3000 wird sie mit zus\u00e4tzlichen Stahl- und MDF-Objekten erweitert und mit den Dimensionen des schmalen und hohen Raums in Relation gesetzt.&nbsp;<\/p>\n\n\n\n<p>\u00abWall Piece #2\u00bb versteht sich als eine Objektkonstellation an der Wand, als eine r\u00e4umliche Installation und zugleich als Zeichnung, welche die Grenzen des Zweidimensionalen erweitert.&nbsp;<\/p>\n\n\n\n<p>Die einzelnen Elemente orientieren sich am Vokabular der seit mehreren Jahren von Marion Ritzmann entwickelten, zeichnerischen Bildsprache, bestehend aus farbigen Fl\u00e4chen, Linien, abstrakten Formen und geometrischen Zeichen.&nbsp;<\/p>\n\n\n\n<figure class=\"wp-block-image size-large\"><img loading=\"lazy\" decoding=\"async\" width=\"751\" height=\"1024\" src=\"http:\/\/galerie3000.ch\/wordpress\/wp-content\/uploads\/2019\/12\/2Flyer_1_Hoch-1-751x1024.jpg\" alt=\"\" class=\"wp-image-1432\" srcset=\"https:\/\/galerie3000.ch\/wordpress\/wp-content\/uploads\/2019\/12\/2Flyer_1_Hoch-1-751x1024.jpg 751w, https:\/\/galerie3000.ch\/wordpress\/wp-content\/uploads\/2019\/12\/2Flyer_1_Hoch-1-220x300.jpg 220w, https:\/\/galerie3000.ch\/wordpress\/wp-content\/uploads\/2019\/12\/2Flyer_1_Hoch-1-768x1047.jpg 768w, https:\/\/galerie3000.ch\/wordpress\/wp-content\/uploads\/2019\/12\/2Flyer_1_Hoch-1-1126x1536.jpg 1126w, https:\/\/galerie3000.ch\/wordpress\/wp-content\/uploads\/2019\/12\/2Flyer_1_Hoch-1-1502x2048.jpg 1502w, https:\/\/galerie3000.ch\/wordpress\/wp-content\/uploads\/2019\/12\/2Flyer_1_Hoch-1-scaled.jpg 1877w\" sizes=\"auto, (max-width: 751px) 100vw, 751px\" \/><\/figure>\n","protected":false},"excerpt":{"rendered":"<p>In der Galerie 3000 mit ihrer Einzelausstellung Wall Piece #228. Dezember 2019 bis 1. Februar 2020Ausstellungser\u00f6ffung 19.12.2019 ab 18h Website der K\u00fcnstlerin Marion Ritzmann sagt von sich selbst \u00abIch denke und arbeite mit und in Systemen\u00bb. Ihre Arbeiten nehmen immer&#8230;<\/p>\n","protected":false},"author":2,"featured_media":0,"parent":20,"menu_order":0,"comment_status":"closed","ping_status":"closed","template":"page-template-fullwidth.php","meta":{"footnotes":""},"class_list":["post-1427","page","type-page","status-publish","hentry"],"_links":{"self":[{"href":"https:\/\/galerie3000.ch\/wordpress\/wp-json\/wp\/v2\/pages\/1427","targetHints":{"allow":["GET"]}}],"collection":[{"href":"https:\/\/galerie3000.ch\/wordpress\/wp-json\/wp\/v2\/pages"}],"about":[{"href":"https:\/\/galerie3000.ch\/wordpress\/wp-json\/wp\/v2\/types\/page"}],"author":[{"embeddable":true,"href":"https:\/\/galerie3000.ch\/wordpress\/wp-json\/wp\/v2\/users\/2"}],"replies":[{"embeddable":true,"href":"https:\/\/galerie3000.ch\/wordpress\/wp-json\/wp\/v2\/comments?post=1427"}],"version-history":[{"count":4,"href":"https:\/\/galerie3000.ch\/wordpress\/wp-json\/wp\/v2\/pages\/1427\/revisions"}],"predecessor-version":[{"id":1471,"href":"https:\/\/galerie3000.ch\/wordpress\/wp-json\/wp\/v2\/pages\/1427\/revisions\/1471"}],"up":[{"embeddable":true,"href":"https:\/\/galerie3000.ch\/wordpress\/wp-json\/wp\/v2\/pages\/20"}],"wp:attachment":[{"href":"https:\/\/galerie3000.ch\/wordpress\/wp-json\/wp\/v2\/media?parent=1427"}],"curies":[{"name":"wp","href":"https:\/\/api.w.org\/{rel}","templated":true}]}}