{"id":130,"date":"2013-11-04T21:49:22","date_gmt":"2013-11-04T19:49:22","guid":{"rendered":"http:\/\/galerie3000.ch\/?page_id=130"},"modified":"2018-05-07T08:24:19","modified_gmt":"2018-05-07T08:24:19","slug":"florian-thate","status":"publish","type":"page","link":"https:\/\/galerie3000.ch\/wordpress\/artists\/florian-thate\/","title":{"rendered":"Florian Thate"},"content":{"rendered":"<p>Florian Thate (*1982) D<\/p>\n<p>Lebt und arbeitet in Freiburg<\/p>\n<p><a href=\"https:\/\/florianthate.tumblr.com\" target=\"_blank\" rel=\"noopener\">Website<\/a> des K\u00fcnstlers<\/p>\n<p>In der Galerie 3000 <a href=\"http:\/\/galerie3000.ch\/florian-thate-22-11-14-12-2013-einzelausstellung\/\">vom 22.11. bis 14.12.2013<\/a><br \/>\n<strong>Ausbildung<\/strong><br \/>\n<strong>2015- \u00a0 \u00a0 \u00a0 \u00a0 \u00a0\u00a0<\/strong>FHNW, Nordwestschweiz, Masterstudiengang, Master of Arts in Fine Arts bei Prof. Chus Martinez,<br \/>\nProf. Ren\u00e9e Levi, Nicolas Kerksieck, Dr. Roman Kurzmeyer<strong><br \/>\n2012-2015<\/strong> Bachelorstudium Bildende Kunst an der Hochschule f\u00fcr Kunst, Design und popul\u00e4re Musik (hKDM), Freiburg<\/p>\n<p><strong>2010-2011<\/strong> Studium Bildende Kunst an der Freien Hochschule, Freiburg<\/p>\n<p><strong><a href=\"http:\/\/galerie3000.ch\/wordpress\/wp-content\/uploads\/2013\/11\/dossier-17.pdf\">Dossier \/ Portfolio von Florian Thate &#8211; 2017<\/a><\/strong><\/p>\n<p><a href=\"http:\/\/galerie3000.ch\/wordpress\/wp-content\/uploads\/2013\/11\/Foto-21.jpg\"><img loading=\"lazy\" decoding=\"async\" class=\"alignnone size-medium wp-image-146\" src=\"http:\/\/galerie3000.ch\/wordpress\/wp-content\/uploads\/2013\/11\/Foto-21-300x224.jpg\" alt=\"Foto 2\" width=\"300\" height=\"224\" srcset=\"https:\/\/galerie3000.ch\/wordpress\/wp-content\/uploads\/2013\/11\/Foto-21-300x224.jpg 300w, https:\/\/galerie3000.ch\/wordpress\/wp-content\/uploads\/2013\/11\/Foto-21-600x448.jpg 600w, https:\/\/galerie3000.ch\/wordpress\/wp-content\/uploads\/2013\/11\/Foto-21.jpg 640w\" sizes=\"auto, (max-width: 300px) 100vw, 300px\" \/><\/a><\/p>\n<p><!-- Place this tag in your head or just before your close body tag. --><br \/>\n<script src=\"https:\/\/apis.google.com\/js\/plusone.js\" type=\"text\/javascript\"><\/script><\/p>\n<p><!-- Place this tag where you want the widget to render. --><\/p>\n<div class=\"g-post\" data-href=\"https:\/\/plus.google.com\/118034854266949922551\/posts\/GRA5M8cEBop\"><\/div>\n<p>Im Fokus seiner Arbeit stehen industrielle Materialien, welche Florian Thate mit Graphit oder Kugelschreiber auf kraftvoll-physische Art und Weise bearbeitet. Dabei spielen Raum und Zeit eine zentrale Rolle: So entstehen die Zeichnungen in der Regel vor Ort, d.h. die Arbeit ist Dokument eines sichtbar gewordenen Entstehungsprozesses und gleichzeitig eine Momentaufnahme seines Schaffens.<\/p>\n<p>W\u00e4hrend dieses Prozesses ver\u00e4ndert Florian Thate ein fertiges (industrielles) Produkt, indem er dessen Struktur durch Zeichnung mit seiner K\u00f6rperkraft zerst\u00f6rt und seine Eigenschaften visualisiert. Durch diesen Prozess schafft er etwas Neues, wobei das Resultat wiederum von den gegebenen Raum- und Lichtverh\u00e4ltnissen abh\u00e4ngig ist.<\/p>\n<p><a href=\"http:\/\/galerie3000.ch\/wordpress\/wp-content\/uploads\/2013\/11\/Foto-41.jpg\"><img loading=\"lazy\" decoding=\"async\" class=\"size-medium wp-image-147 alignnone\" src=\"http:\/\/galerie3000.ch\/wordpress\/wp-content\/uploads\/2013\/11\/Foto-41-300x224.jpg\" alt=\"Foto 4\" width=\"300\" height=\"224\" srcset=\"https:\/\/galerie3000.ch\/wordpress\/wp-content\/uploads\/2013\/11\/Foto-41-300x224.jpg 300w, https:\/\/galerie3000.ch\/wordpress\/wp-content\/uploads\/2013\/11\/Foto-41-600x448.jpg 600w, https:\/\/galerie3000.ch\/wordpress\/wp-content\/uploads\/2013\/11\/Foto-41.jpg 640w\" sizes=\"auto, (max-width: 300px) 100vw, 300px\" \/><\/a><\/p>\n<p>&nbsp;<\/p>\n<div id=\"attachment_205\" style=\"width: 560px\" class=\"wp-caption alignnone\"><a href=\"http:\/\/galerie3000.ch\/wordpress\/wp-content\/uploads\/2013\/11\/DSCN62551.jpg\"><img loading=\"lazy\" decoding=\"async\" aria-describedby=\"caption-attachment-205\" class=\"size-large wp-image-205\" src=\"http:\/\/galerie3000.ch\/wordpress\/wp-content\/uploads\/2013\/11\/DSCN62551-1024x768.jpg\" alt=\"Florian Thate\" width=\"550\" height=\"412\" srcset=\"https:\/\/galerie3000.ch\/wordpress\/wp-content\/uploads\/2013\/11\/DSCN62551-1024x768.jpg 1024w, https:\/\/galerie3000.ch\/wordpress\/wp-content\/uploads\/2013\/11\/DSCN62551-300x225.jpg 300w, https:\/\/galerie3000.ch\/wordpress\/wp-content\/uploads\/2013\/11\/DSCN62551-600x450.jpg 600w\" sizes=\"auto, (max-width: 550px) 100vw, 550px\" \/><\/a><p id=\"caption-attachment-205\" class=\"wp-caption-text\">Florian Thate<\/p><\/div>\n<div id=\"attachment_204\" style=\"width: 560px\" class=\"wp-caption alignnone\"><a href=\"http:\/\/galerie3000.ch\/wordpress\/wp-content\/uploads\/2013\/11\/DSCN62521.jpg\"><img loading=\"lazy\" decoding=\"async\" aria-describedby=\"caption-attachment-204\" class=\"size-large wp-image-204\" src=\"http:\/\/galerie3000.ch\/wordpress\/wp-content\/uploads\/2013\/11\/DSCN62521-1024x768.jpg\" alt=\"Florian Thate\" width=\"550\" height=\"412\" srcset=\"https:\/\/galerie3000.ch\/wordpress\/wp-content\/uploads\/2013\/11\/DSCN62521-1024x768.jpg 1024w, https:\/\/galerie3000.ch\/wordpress\/wp-content\/uploads\/2013\/11\/DSCN62521-300x225.jpg 300w, https:\/\/galerie3000.ch\/wordpress\/wp-content\/uploads\/2013\/11\/DSCN62521-600x450.jpg 600w\" sizes=\"auto, (max-width: 550px) 100vw, 550px\" \/><\/a><p id=\"caption-attachment-204\" class=\"wp-caption-text\">Florian Thates Werkzeug<\/p><\/div>\n\n\t\t\t<div id='gallery-130-1' class='gallery gallery-130'>\n\t\t\t\t<div class='gallery-row gallery-col-3 gallery-clear'>\n\t\t\t\t\t<figure class='gallery-item col-3'>\n\t\t\t\t\t\t<div class='gallery-icon '><a href='https:\/\/galerie3000.ch\/wordpress\/wp-content\/uploads\/2013\/11\/AIMG_33171.jpg'><img loading=\"lazy\" decoding=\"async\" width=\"150\" height=\"150\" src=\"https:\/\/galerie3000.ch\/wordpress\/wp-content\/uploads\/2013\/11\/AIMG_33171-150x150.jpg\" class=\"attachment-thumbnail size-thumbnail\" alt=\"\" \/><\/a><\/div>\n\t\t\t\t\t\t<figcaption class='gallery-caption'>Detail<\/figcaption>\n\t\t\t\t\t<\/figure>\n\t\t\t\t\t<figure class='gallery-item col-3'>\n\t\t\t\t\t\t<div class='gallery-icon '><a href='https:\/\/galerie3000.ch\/wordpress\/wp-content\/uploads\/2013\/11\/AIMG_33041.jpg'><img loading=\"lazy\" decoding=\"async\" width=\"150\" height=\"150\" src=\"https:\/\/galerie3000.ch\/wordpress\/wp-content\/uploads\/2013\/11\/AIMG_33041-150x150.jpg\" class=\"attachment-thumbnail size-thumbnail\" alt=\"\" \/><\/a><\/div>\n\t\t\t\t\t\t<figcaption class='gallery-caption'>Detail<\/figcaption>\n\t\t\t\t\t<\/figure>\n\t\t\t\t\t<figure class='gallery-item col-3'>\n\t\t\t\t\t\t<div class='gallery-icon '><a href='https:\/\/galerie3000.ch\/wordpress\/wp-content\/uploads\/2013\/11\/AIMG_32751.jpg'><img loading=\"lazy\" decoding=\"async\" width=\"150\" height=\"150\" src=\"https:\/\/galerie3000.ch\/wordpress\/wp-content\/uploads\/2013\/11\/AIMG_32751-150x150.jpg\" class=\"attachment-thumbnail size-thumbnail\" alt=\"\" \/><\/a><\/div>\n\t\t\t\t\t\t<figcaption class='gallery-caption'>Gesamtansicht der Installation<\/figcaption>\n\t\t\t\t\t<\/figure>\n\t\t\t\t<\/div>\n\t\t\t\t<div class='gallery-row gallery-col-3 gallery-clear'>\n\t\t\t\t\t<figure class='gallery-item col-3'>\n\t\t\t\t\t\t<div class='gallery-icon '><a href='https:\/\/galerie3000.ch\/wordpress\/wp-content\/uploads\/2013\/11\/AIMG_31911.jpg'><img loading=\"lazy\" decoding=\"async\" width=\"150\" height=\"150\" src=\"https:\/\/galerie3000.ch\/wordpress\/wp-content\/uploads\/2013\/11\/AIMG_31911-150x150.jpg\" class=\"attachment-thumbnail size-thumbnail\" alt=\"\" \/><\/a><\/div>\n\t\t\t\t\t\t<figcaption class='gallery-caption'>Florian Thate bei der Arbeit vor Ort<\/figcaption>\n\t\t\t\t\t<\/figure>\n\t\t\t\t\t<figure class='gallery-item col-3'>\n\t\t\t\t\t\t<div class='gallery-icon '><a href='https:\/\/galerie3000.ch\/wordpress\/wp-content\/uploads\/2013\/11\/AIMG_31951.jpg'><img loading=\"lazy\" decoding=\"async\" width=\"150\" height=\"150\" src=\"https:\/\/galerie3000.ch\/wordpress\/wp-content\/uploads\/2013\/11\/AIMG_31951-150x150.jpg\" class=\"attachment-thumbnail size-thumbnail\" alt=\"\" \/><\/a><\/div>\n\t\t\t\t\t\t<figcaption class='gallery-caption'>Florian Thate bei der Arbeit vor Ort<\/figcaption>\n\t\t\t\t\t<\/figure>\n\t\t\t\t\t<figure class='gallery-item col-3'>\n\t\t\t\t\t\t<div class='gallery-icon '><a href='https:\/\/galerie3000.ch\/wordpress\/wp-content\/uploads\/2013\/11\/AIMG_32971.jpg'><img loading=\"lazy\" decoding=\"async\" width=\"150\" height=\"150\" src=\"https:\/\/galerie3000.ch\/wordpress\/wp-content\/uploads\/2013\/11\/AIMG_32971-150x150.jpg\" class=\"attachment-thumbnail size-thumbnail\" alt=\"\" \/><\/a><\/div>\n\t\t\t\t\t\t<figcaption class='gallery-caption'>Detail<\/figcaption>\n\t\t\t\t\t<\/figure>\n\t\t\t\t<\/div>\n\t\t\t<\/div><!-- .gallery -->\n\n<p>&nbsp;<\/p>\n<p>&nbsp;<\/p>\n<p>&nbsp;<\/p>\n","protected":false},"excerpt":{"rendered":"<p>Florian Thate (*1982) D Lebt und arbeitet in Freiburg Website des K\u00fcnstlers In der Galerie 3000 vom 22.11. bis 14.12.2013 Ausbildung 2015- \u00a0 \u00a0 \u00a0 \u00a0 \u00a0\u00a0FHNW, Nordwestschweiz, Masterstudiengang, Master of Arts in Fine Arts bei Prof. Chus Martinez, Prof&#8230;.<\/p>\n","protected":false},"author":2,"featured_media":0,"parent":20,"menu_order":0,"comment_status":"closed","ping_status":"closed","template":"","meta":{"footnotes":""},"class_list":["post-130","page","type-page","status-publish","hentry"],"_links":{"self":[{"href":"https:\/\/galerie3000.ch\/wordpress\/wp-json\/wp\/v2\/pages\/130","targetHints":{"allow":["GET"]}}],"collection":[{"href":"https:\/\/galerie3000.ch\/wordpress\/wp-json\/wp\/v2\/pages"}],"about":[{"href":"https:\/\/galerie3000.ch\/wordpress\/wp-json\/wp\/v2\/types\/page"}],"author":[{"embeddable":true,"href":"https:\/\/galerie3000.ch\/wordpress\/wp-json\/wp\/v2\/users\/2"}],"replies":[{"embeddable":true,"href":"https:\/\/galerie3000.ch\/wordpress\/wp-json\/wp\/v2\/comments?post=130"}],"version-history":[{"count":6,"href":"https:\/\/galerie3000.ch\/wordpress\/wp-json\/wp\/v2\/pages\/130\/revisions"}],"predecessor-version":[{"id":1163,"href":"https:\/\/galerie3000.ch\/wordpress\/wp-json\/wp\/v2\/pages\/130\/revisions\/1163"}],"up":[{"embeddable":true,"href":"https:\/\/galerie3000.ch\/wordpress\/wp-json\/wp\/v2\/pages\/20"}],"wp:attachment":[{"href":"https:\/\/galerie3000.ch\/wordpress\/wp-json\/wp\/v2\/media?parent=130"}],"curies":[{"name":"wp","href":"https:\/\/api.w.org\/{rel}","templated":true}]}}