{"id":1265,"date":"2018-09-06T10:55:20","date_gmt":"2018-09-06T10:55:20","guid":{"rendered":"http:\/\/galerie3000.ch\/wordpress\/?page_id=1265"},"modified":"2018-11-08T05:39:49","modified_gmt":"2018-11-08T05:39:49","slug":"sarah-lherault","status":"publish","type":"page","link":"https:\/\/galerie3000.ch\/wordpress\/artists\/sarah-lherault\/","title":{"rendered":"SARAH L&#8217;H\u00c9RAULT"},"content":{"rendered":"<table class=\"wsite-multicol-table\">\n<tbody class=\"wsite-multicol-tbody\">\n<tr class=\"wsite-multicol-tr\">\n<td class=\"wsite-multicol-col\">\n<div class=\"paragraph\">2016-18<br \/>\n\u200b2011<br \/>\n2009-10<br \/>\n2006<\/div>\n<\/td>\n<td class=\"wsite-multicol-col\">\n<div class=\"paragraph\">Master en arts visuels (Pratiques artistiques contemporaines), Haute \u00e9cole d\u2019art et de design de Gen\u00e8ve, Gen\u00e8ve, Suisse<br \/>\nBaccalaur\u00e9at en arts visuels et m\u00e9diatiques, Universit\u00e9 Laval, Qu\u00e9bec, Canada<br \/>\n\u00c9change bilat\u00e9ral entre universit\u00e9s associ\u00e9es, University of Lapland, Rovaniemi, Finlande<br \/>\nDipl\u00f4me d\u2019\u00e9tudes coll\u00e9giales en arts plastiques, C\u00e9gep de Sainte-Foy, Qu\u00e9bec, Canada<\/div>\n<\/td>\n<\/tr>\n<\/tbody>\n<\/table>\n<p>Instagram:\u00a0https:\/\/www.instagram.com\/sarahlherault\/<\/p>\n<p><a href=\"http:\/\/www.sarahlherault.com\" target=\"_blank\" rel=\"noopener\">Website<\/a>:\u00a0http:\/\/www.sarahlherault.com<\/p>\n<p>In der Galerie 3000 im Oktober 2018 mit ihrer Ausstellung:<\/p>\n<p>Long Scrollllllllllllllllll<\/p>\n<p>Austellungsansichten:<br \/>\n<img loading=\"lazy\" decoding=\"async\" class=\"alignnone size-full wp-image-1293\" src=\"http:\/\/galerie3000.ch\/wordpress\/wp-content\/uploads\/2018\/11\/31260316598_742b84e87f_z.jpg\" alt=\"\" width=\"640\" height=\"360\" srcset=\"https:\/\/galerie3000.ch\/wordpress\/wp-content\/uploads\/2018\/11\/31260316598_742b84e87f_z.jpg 640w, https:\/\/galerie3000.ch\/wordpress\/wp-content\/uploads\/2018\/11\/31260316598_742b84e87f_z-300x169.jpg 300w\" sizes=\"auto, (max-width: 640px) 100vw, 640px\" \/> <img loading=\"lazy\" decoding=\"async\" class=\"alignnone size-full wp-image-1294\" src=\"http:\/\/galerie3000.ch\/wordpress\/wp-content\/uploads\/2018\/11\/44222071385_f0148ff4ae_z.jpg\" alt=\"\" width=\"640\" height=\"360\" srcset=\"https:\/\/galerie3000.ch\/wordpress\/wp-content\/uploads\/2018\/11\/44222071385_f0148ff4ae_z.jpg 640w, https:\/\/galerie3000.ch\/wordpress\/wp-content\/uploads\/2018\/11\/44222071385_f0148ff4ae_z-300x169.jpg 300w\" sizes=\"auto, (max-width: 640px) 100vw, 640px\" \/><\/p>\n<p>&nbsp;<\/p>\n\n\t\t\t<div id='gallery-1265-1' class='gallery gallery-1265'>\n\t\t\t\t<div class='gallery-row gallery-col-3 gallery-clear'>\n\t\t\t\t\t<figure class='gallery-item col-3'>\n\t\t\t\t\t\t<div class='gallery-icon '><img loading=\"lazy\" decoding=\"async\" width=\"768\" height=\"505\" src=\"https:\/\/galerie3000.ch\/wordpress\/wp-content\/uploads\/2018\/09\/Capture-d\u2019e\u0301cran-2017-06-12-a\u0300-13.04.20-768x505.png\" class=\"attachment-medium_large size-medium_large\" alt=\"\" srcset=\"https:\/\/galerie3000.ch\/wordpress\/wp-content\/uploads\/2018\/09\/Capture-d\u2019e\u0301cran-2017-06-12-a\u0300-13.04.20-768x505.png 768w, https:\/\/galerie3000.ch\/wordpress\/wp-content\/uploads\/2018\/09\/Capture-d\u2019e\u0301cran-2017-06-12-a\u0300-13.04.20-300x197.png 300w, https:\/\/galerie3000.ch\/wordpress\/wp-content\/uploads\/2018\/09\/Capture-d\u2019e\u0301cran-2017-06-12-a\u0300-13.04.20-1024x674.png 1024w\" sizes=\"auto, (max-width: 768px) 100vw, 768px\" \/><\/div>\n\t\t\t\t\t<\/figure>\n\t\t\t\t\t<figure class='gallery-item col-3'>\n\t\t\t\t\t\t<div class='gallery-icon '><img loading=\"lazy\" decoding=\"async\" width=\"768\" height=\"449\" src=\"https:\/\/galerie3000.ch\/wordpress\/wp-content\/uploads\/2018\/09\/Capture-d\u2019e\u0301cran-2017-06-12-a\u0300-13.05.11-768x449.png\" class=\"attachment-medium_large size-medium_large\" alt=\"\" srcset=\"https:\/\/galerie3000.ch\/wordpress\/wp-content\/uploads\/2018\/09\/Capture-d\u2019e\u0301cran-2017-06-12-a\u0300-13.05.11-768x449.png 768w, https:\/\/galerie3000.ch\/wordpress\/wp-content\/uploads\/2018\/09\/Capture-d\u2019e\u0301cran-2017-06-12-a\u0300-13.05.11-300x175.png 300w, https:\/\/galerie3000.ch\/wordpress\/wp-content\/uploads\/2018\/09\/Capture-d\u2019e\u0301cran-2017-06-12-a\u0300-13.05.11-1024x599.png 1024w\" sizes=\"auto, (max-width: 768px) 100vw, 768px\" \/><\/div>\n\t\t\t\t\t<\/figure>\n\t\t\t\t\t<figure class='gallery-item col-3'>\n\t\t\t\t\t\t<div class='gallery-icon '><img loading=\"lazy\" decoding=\"async\" width=\"768\" height=\"522\" src=\"https:\/\/galerie3000.ch\/wordpress\/wp-content\/uploads\/2018\/09\/Capture-d\u2019e\u0301cran-2017-06-12-a\u0300-13.10.22-768x522.png\" class=\"attachment-medium_large size-medium_large\" alt=\"\" srcset=\"https:\/\/galerie3000.ch\/wordpress\/wp-content\/uploads\/2018\/09\/Capture-d\u2019e\u0301cran-2017-06-12-a\u0300-13.10.22-768x522.png 768w, https:\/\/galerie3000.ch\/wordpress\/wp-content\/uploads\/2018\/09\/Capture-d\u2019e\u0301cran-2017-06-12-a\u0300-13.10.22-300x204.png 300w, https:\/\/galerie3000.ch\/wordpress\/wp-content\/uploads\/2018\/09\/Capture-d\u2019e\u0301cran-2017-06-12-a\u0300-13.10.22-1024x695.png 1024w, https:\/\/galerie3000.ch\/wordpress\/wp-content\/uploads\/2018\/09\/Capture-d\u2019e\u0301cran-2017-06-12-a\u0300-13.10.22.png 2026w\" sizes=\"auto, (max-width: 768px) 100vw, 768px\" \/><\/div>\n\t\t\t\t\t<\/figure>\n\t\t\t\t<\/div>\n\t\t\t<\/div><!-- .gallery -->\n\n<p>&nbsp;<\/p>\n<p>Die Galerie 3000 wird unterst\u00fctzt durch:<\/p>\n<p><img loading=\"lazy\" decoding=\"async\" class=\"alignnone size-full wp-image-1281\" src=\"http:\/\/galerie3000.ch\/wordpress\/wp-content\/uploads\/2018\/09\/Opera-Momentaufnahme_2018-09-29_111223_us9.admin_.mailchimp.com_.png\" alt=\"\" width=\"576\" height=\"229\" srcset=\"https:\/\/galerie3000.ch\/wordpress\/wp-content\/uploads\/2018\/09\/Opera-Momentaufnahme_2018-09-29_111223_us9.admin_.mailchimp.com_.png 576w, https:\/\/galerie3000.ch\/wordpress\/wp-content\/uploads\/2018\/09\/Opera-Momentaufnahme_2018-09-29_111223_us9.admin_.mailchimp.com_-300x119.png 300w\" sizes=\"auto, (max-width: 576px) 100vw, 576px\" \/><\/p>\n","protected":false},"excerpt":{"rendered":"<p>2016-18 \u200b2011 2009-10 2006 Master en arts visuels (Pratiques artistiques contemporaines), Haute \u00e9cole d\u2019art et de design de Gen\u00e8ve, Gen\u00e8ve, Suisse Baccalaur\u00e9at en arts visuels et m\u00e9diatiques, Universit\u00e9 Laval, Qu\u00e9bec, Canada \u00c9change bilat\u00e9ral entre universit\u00e9s associ\u00e9es, University of Lapland, Rovaniemi,&#8230;<\/p>\n","protected":false},"author":2,"featured_media":0,"parent":20,"menu_order":0,"comment_status":"closed","ping_status":"closed","template":"page-template-fullwidth.php","meta":{"footnotes":""},"class_list":["post-1265","page","type-page","status-publish","hentry"],"_links":{"self":[{"href":"https:\/\/galerie3000.ch\/wordpress\/wp-json\/wp\/v2\/pages\/1265","targetHints":{"allow":["GET"]}}],"collection":[{"href":"https:\/\/galerie3000.ch\/wordpress\/wp-json\/wp\/v2\/pages"}],"about":[{"href":"https:\/\/galerie3000.ch\/wordpress\/wp-json\/wp\/v2\/types\/page"}],"author":[{"embeddable":true,"href":"https:\/\/galerie3000.ch\/wordpress\/wp-json\/wp\/v2\/users\/2"}],"replies":[{"embeddable":true,"href":"https:\/\/galerie3000.ch\/wordpress\/wp-json\/wp\/v2\/comments?post=1265"}],"version-history":[{"count":5,"href":"https:\/\/galerie3000.ch\/wordpress\/wp-json\/wp\/v2\/pages\/1265\/revisions"}],"predecessor-version":[{"id":1296,"href":"https:\/\/galerie3000.ch\/wordpress\/wp-json\/wp\/v2\/pages\/1265\/revisions\/1296"}],"up":[{"embeddable":true,"href":"https:\/\/galerie3000.ch\/wordpress\/wp-json\/wp\/v2\/pages\/20"}],"wp:attachment":[{"href":"https:\/\/galerie3000.ch\/wordpress\/wp-json\/wp\/v2\/media?parent=1265"}],"curies":[{"name":"wp","href":"https:\/\/api.w.org\/{rel}","templated":true}]}}