{"id":1232,"date":"2018-08-09T16:41:26","date_gmt":"2018-08-09T16:41:26","guid":{"rendered":"http:\/\/galerie3000.ch\/wordpress\/?page_id=1232"},"modified":"2018-08-17T06:58:58","modified_gmt":"2018-08-17T06:58:58","slug":"maeva-rosset","status":"publish","type":"page","link":"https:\/\/galerie3000.ch\/wordpress\/artists\/maeva-rosset\/","title":{"rendered":"Maeva Rosset"},"content":{"rendered":"<address><strong>\u00a0Maeva Rosset<\/strong><\/address>\n<address>\u00a0 \u00a0 \u00a0 \u00a0 \u00a0 \u00a0*1989 in Lausanne<\/address>\n<address>\u00a0 \u00a0 \u00a0 \u00a0 \u00a0 \u00a0Lebt und arbeitet\u00a0 in Bern und Basel<\/address>\n<p><a href=\"http:\/\/maevarosset.com\/info-perso\" target=\"_blank\" rel=\"noopener\">Website<\/a> der K\u00fcnstlerin<\/p>\n<p>In der Galerie 3000 mit ihrer Einzelausstellung:<\/p>\n<p>Hi it\u2019s me<br \/>\nIm August 2018<\/p>\n<p>Ausstellungsansichten:<br \/>\n<iframe loading=\"lazy\" style=\"border: none; overflow: hidden;\" src=\"https:\/\/www.facebook.com\/plugins\/post.php?href=https%3A%2F%2Fwww.facebook.com%2Fmedia%2Fset%2F%3Fset%3Da.1762389303796611%26type%3D3&amp;width=500\" width=\"500\" height=\"650\" frameborder=\"0\" scrolling=\"no\"><\/iframe><\/p>\n<p><img loading=\"lazy\" decoding=\"async\" class=\"alignnone size-medium_large wp-image-1228\" src=\"http:\/\/galerie3000.ch\/wordpress\/wp-content\/uploads\/2018\/08\/maevarosset-768x554.png\" alt=\"\" width=\"768\" height=\"554\" srcset=\"https:\/\/galerie3000.ch\/wordpress\/wp-content\/uploads\/2018\/08\/maevarosset-768x554.png 768w, https:\/\/galerie3000.ch\/wordpress\/wp-content\/uploads\/2018\/08\/maevarosset-300x216.png 300w, https:\/\/galerie3000.ch\/wordpress\/wp-content\/uploads\/2018\/08\/maevarosset.png 1014w\" sizes=\"auto, (max-width: 768px) 100vw, 768px\" \/><\/p>\n<p>Vernissage : 16. August 2018 ab 18 Uhr<br \/>\n\u00d6ffnungszeiten : Samstag: 14 Uhr-16 Uhr<br \/>\nAusstellung : 16. August \u2014 22. September 2018<\/p>\n<p>Hi it`s me ist ein Selbstportrait, eine intime und pers\u00f6nliche erste Einzelausstellung in Bern, mit welcher die K\u00fcnstlerin dem Wunsch nachgeht, sich dem Betrachter vorzustellen.<br \/>\nDurch Abdr\u00fccke von K\u00f6rperstellen der K\u00fcnstlerin entstanden Parf\u00fcmsteine. Eine Skulpturengruppe die mit ihrem Duft impr\u00e4gniert wurde. Es sind vier D\u00fcfte. S\u00fc\u00df, w\u00fcrzig, fruchtig und moschusartig. 4 Kompositionen aus den D\u00fcften, welche die olfaktorische Identit\u00e4t der K\u00fcnstlerin ausmachen. Extrahiert aus Shampoo, Creme, Kosmetik, Arbeitskleidung und Schwei\u00df.<br \/>\ninstallation, coussin de coton, pi\u00e8ces en c\u00e9ramique ( porcelaine et gr\u00e8s), 4 fragrances.<br \/>\nHi it\u2019s me est un autoportrait, une pr\u00e9sentation intime et personnelle.<br \/>\nAvec cette premi\u00e8re exposition personnelle \u00e0 Berne, j\u2019ai eu le d\u00e9sir de me pr\u00e9senter au travers d\u2019une s\u00e9rie de sculptures, des pierres de parfum moul\u00e9es de mon propre corps et impr\u00e9gn\u00e9es de mon odeur. 4 fragrances, suave, \u00e9pic\u00e9e, fruit\u00e9e et musqu\u00e9e, 4 compositions cr\u00e9\u00e9es \u00e0 partir des odeurs qui composent mon identit\u00e9 olfactive ; shampoing, cr\u00e8me, cosm\u00e9tiques, habit de tra-vail et sueur.<\/p>\n<p>www.maevarosset.com<\/p>\n<p>&nbsp;<\/p>\n","protected":false},"excerpt":{"rendered":"<p>\u00a0Maeva Rosset \u00a0 \u00a0 \u00a0 \u00a0 \u00a0 \u00a0*1989 in Lausanne \u00a0 \u00a0 \u00a0 \u00a0 \u00a0 \u00a0Lebt und arbeitet\u00a0 in Bern und Basel Website der K\u00fcnstlerin In der Galerie 3000 mit ihrer Einzelausstellung: Hi it\u2019s me Im August 2018 Ausstellungsansichten: Vernissage&#8230;<\/p>\n","protected":false},"author":2,"featured_media":0,"parent":20,"menu_order":0,"comment_status":"closed","ping_status":"closed","template":"page-template-fullwidth.php","meta":{"footnotes":""},"class_list":["post-1232","page","type-page","status-publish","hentry"],"_links":{"self":[{"href":"https:\/\/galerie3000.ch\/wordpress\/wp-json\/wp\/v2\/pages\/1232","targetHints":{"allow":["GET"]}}],"collection":[{"href":"https:\/\/galerie3000.ch\/wordpress\/wp-json\/wp\/v2\/pages"}],"about":[{"href":"https:\/\/galerie3000.ch\/wordpress\/wp-json\/wp\/v2\/types\/page"}],"author":[{"embeddable":true,"href":"https:\/\/galerie3000.ch\/wordpress\/wp-json\/wp\/v2\/users\/2"}],"replies":[{"embeddable":true,"href":"https:\/\/galerie3000.ch\/wordpress\/wp-json\/wp\/v2\/comments?post=1232"}],"version-history":[{"count":3,"href":"https:\/\/galerie3000.ch\/wordpress\/wp-json\/wp\/v2\/pages\/1232\/revisions"}],"predecessor-version":[{"id":1241,"href":"https:\/\/galerie3000.ch\/wordpress\/wp-json\/wp\/v2\/pages\/1232\/revisions\/1241"}],"up":[{"embeddable":true,"href":"https:\/\/galerie3000.ch\/wordpress\/wp-json\/wp\/v2\/pages\/20"}],"wp:attachment":[{"href":"https:\/\/galerie3000.ch\/wordpress\/wp-json\/wp\/v2\/media?parent=1232"}],"curies":[{"name":"wp","href":"https:\/\/api.w.org\/{rel}","templated":true}]}}