{"id":1062,"date":"2017-09-27T12:33:39","date_gmt":"2017-09-27T12:33:39","guid":{"rendered":"http:\/\/galerie3000.ch\/wordpress\/?page_id=1062"},"modified":"2017-10-06T07:47:18","modified_gmt":"2017-10-06T07:47:18","slug":"es-gibt-bessere-geschenke-als-alkoholische-getranke","status":"publish","type":"page","link":"https:\/\/galerie3000.ch\/wordpress\/es-gibt-bessere-geschenke-als-alkoholische-getranke\/","title":{"rendered":"3000 Jahre Galerie 3000"},"content":{"rendered":"<p>Zur Feier unserer hochgesch\u00e4tzten Nachbarin, der Stadtgalerie Bern, welche dieses Jahr ihr <a href=\"http:\/\/www.bern.ch\/politik-und-verwaltung\/stadtverwaltung\/prd\/abteilung-kulturelles\/stadtgalerie\/ausstellungen\/aktuell-1\" target=\"_blank\" rel=\"noopener\">20-j\u00e4hriges Bestehen<\/a> begeht halten auch wir kurz inne und feiern mit.<\/p>\n<p><iframe loading=\"lazy\" style=\"border: none; overflow: hidden;\" src=\"https:\/\/www.facebook.com\/plugins\/post.php?href=https%3A%2F%2Fwww.facebook.com%2FGalerie3000%2Fphotos%2Fa.1430054277030117.1073741841.570803429621877%2F1430054827030062%2F%3Ftype%3D3&amp;width=500\" width=\"500\" height=\"380\" frameborder=\"0\" scrolling=\"no\"><\/iframe><\/p>\n<p>Die Galerie 3000 hat im Oktober 2013 ihre erste Ausstellung er\u00f6ffnet und seit da in 26 weiteren Ausstellungen immer wieder das Wohlwollen und die Unterst\u00fctzung der Stadtgalerie Bern erfahren. \u00a0Wir w\u00fcnschen frohes Fest und goldene Zukunft!<\/p>\n<p>Am 5.10.2017 wird auch die Galerie 3000 ge\u00f6ffnet haben und einen R\u00fcckblick bieten auf die bisherige Ausstellungst\u00e4tigkeit. Vor Allem aber wollen wir da sein und mit bewundernden Blicken Richtung Stadtgalerie blicken.<\/p>\n<p>Wir freuen uns auf Euren Besuch und laden Euch ein mit uns auf das die Stadt Bern und ihre grossz\u00fcgige Unterst\u00fctzung der Berner Kunstszene anzustossen.<\/p>\n<p>5. Oktober, 2017 ab 18.00<\/p>\n<p>&nbsp;<\/p>\n<p>&nbsp;<\/p>\n\n\t\t\t<div id='gallery-1062-1' class='gallery gallery-1062'>\n\t\t\t\t<div class='gallery-row gallery-col-3 gallery-clear'>\n\t\t\t\t\t<figure class='gallery-item col-3'>\n\t\t\t\t\t\t<div class='gallery-icon '><a href='https:\/\/galerie3000.ch\/wordpress\/artists\/jelena-savic\/33034107664_b1565e1fb4_z\/'><img loading=\"lazy\" decoding=\"async\" width=\"640\" height=\"360\" src=\"https:\/\/galerie3000.ch\/wordpress\/wp-content\/uploads\/2017\/03\/33034107664_b1565e1fb4_z.jpg\" class=\"attachment-medium_large size-medium_large\" alt=\"\" srcset=\"https:\/\/galerie3000.ch\/wordpress\/wp-content\/uploads\/2017\/03\/33034107664_b1565e1fb4_z.jpg 640w, https:\/\/galerie3000.ch\/wordpress\/wp-content\/uploads\/2017\/03\/33034107664_b1565e1fb4_z-300x169.jpg 300w\" sizes=\"auto, (max-width: 640px) 100vw, 640px\" \/><\/a><\/div>\n\t\t\t\t\t<\/figure>\n\t\t\t\t\t<figure class='gallery-item col-3'>\n\t\t\t\t\t\t<div class='gallery-icon '><a href='https:\/\/galerie3000.ch\/wordpress\/artists\/jelena-savic\/33754009442_223f146e49_z\/'><img loading=\"lazy\" decoding=\"async\" width=\"360\" height=\"640\" src=\"https:\/\/galerie3000.ch\/wordpress\/wp-content\/uploads\/2017\/03\/33754009442_223f146e49_z.jpg\" class=\"attachment-medium_large size-medium_large\" alt=\"\" srcset=\"https:\/\/galerie3000.ch\/wordpress\/wp-content\/uploads\/2017\/03\/33754009442_223f146e49_z.jpg 360w, https:\/\/galerie3000.ch\/wordpress\/wp-content\/uploads\/2017\/03\/33754009442_223f146e49_z-169x300.jpg 169w\" sizes=\"auto, (max-width: 360px) 100vw, 360px\" \/><\/a><\/div>\n\t\t\t\t\t<\/figure>\n\t\t\t\t\t<figure class='gallery-item col-3'>\n\t\t\t\t\t\t<div class='gallery-icon '><a href='https:\/\/galerie3000.ch\/wordpress\/daniel-gaemperle-hurluberlu-18-08-2016-01-10-2016\/webteaser\/'><img loading=\"lazy\" decoding=\"async\" width=\"768\" height=\"546\" src=\"https:\/\/galerie3000.ch\/wordpress\/wp-content\/uploads\/2016\/07\/webteaser-768x546.jpg\" class=\"attachment-medium_large size-medium_large\" alt=\"\" srcset=\"https:\/\/galerie3000.ch\/wordpress\/wp-content\/uploads\/2016\/07\/webteaser-768x546.jpg 768w, https:\/\/galerie3000.ch\/wordpress\/wp-content\/uploads\/2016\/07\/webteaser-300x213.jpg 300w, https:\/\/galerie3000.ch\/wordpress\/wp-content\/uploads\/2016\/07\/webteaser.jpg 793w\" sizes=\"auto, (max-width: 768px) 100vw, 768px\" \/><\/a><\/div>\n\t\t\t\t\t<\/figure>\n\t\t\t\t<\/div>\n\t\t\t\t<div class='gallery-row gallery-col-3 gallery-clear'>\n\t\t\t\t\t<figure class='gallery-item col-3'>\n\t\t\t\t\t\t<div class='gallery-icon '><a href='https:\/\/galerie3000.ch\/wordpress\/artists\/nils-henry-weiligmann\/img_20160315_105810\/'><img loading=\"lazy\" decoding=\"async\" width=\"768\" height=\"431\" src=\"https:\/\/galerie3000.ch\/wordpress\/wp-content\/uploads\/2016\/03\/IMG_20160315_105810-768x431.jpg\" class=\"attachment-medium_large size-medium_large\" alt=\"\" srcset=\"https:\/\/galerie3000.ch\/wordpress\/wp-content\/uploads\/2016\/03\/IMG_20160315_105810-768x431.jpg 768w, https:\/\/galerie3000.ch\/wordpress\/wp-content\/uploads\/2016\/03\/IMG_20160315_105810-300x168.jpg 300w, https:\/\/galerie3000.ch\/wordpress\/wp-content\/uploads\/2016\/03\/IMG_20160315_105810-1024x575.jpg 1024w\" sizes=\"auto, (max-width: 768px) 100vw, 768px\" \/><\/a><\/div>\n\t\t\t\t\t<\/figure>\n\t\t\t\t\t<figure class='gallery-item col-3'>\n\t\t\t\t\t\t<div class='gallery-icon '><a href='https:\/\/galerie3000.ch\/wordpress\/home\/titel\/'><img loading=\"lazy\" decoding=\"async\" width=\"768\" height=\"512\" src=\"https:\/\/galerie3000.ch\/wordpress\/wp-content\/uploads\/2013\/08\/titel-768x512.jpg\" class=\"attachment-medium_large size-medium_large\" alt=\"\" srcset=\"https:\/\/galerie3000.ch\/wordpress\/wp-content\/uploads\/2013\/08\/titel-768x512.jpg 768w, https:\/\/galerie3000.ch\/wordpress\/wp-content\/uploads\/2013\/08\/titel-300x200.jpg 300w, https:\/\/galerie3000.ch\/wordpress\/wp-content\/uploads\/2013\/08\/titel-1024x683.jpg 1024w\" sizes=\"auto, (max-width: 768px) 100vw, 768px\" \/><\/a><\/div>\n\t\t\t\t\t<\/figure>\n\t\t\t\t\t<figure class='gallery-item col-3'>\n\t\t\t\t\t\t<div class='gallery-icon '><a href='https:\/\/galerie3000.ch\/wordpress\/artists\/sonja-lippuner\/sonjalippuner\/'><img loading=\"lazy\" decoding=\"async\" width=\"768\" height=\"431\" src=\"https:\/\/galerie3000.ch\/wordpress\/wp-content\/uploads\/2016\/01\/SonjaLippuner-768x431.jpg\" class=\"attachment-medium_large size-medium_large\" alt=\"\" srcset=\"https:\/\/galerie3000.ch\/wordpress\/wp-content\/uploads\/2016\/01\/SonjaLippuner-768x431.jpg 768w, https:\/\/galerie3000.ch\/wordpress\/wp-content\/uploads\/2016\/01\/SonjaLippuner-300x168.jpg 300w, https:\/\/galerie3000.ch\/wordpress\/wp-content\/uploads\/2016\/01\/SonjaLippuner.jpg 960w\" sizes=\"auto, (max-width: 768px) 100vw, 768px\" \/><\/a><\/div>\n\t\t\t\t\t<\/figure>\n\t\t\t\t<\/div>\n\t\t\t\t<div class='gallery-row gallery-col-3 gallery-clear'>\n\t\t\t\t\t<figure class='gallery-item col-3'>\n\t\t\t\t\t\t<div class='gallery-icon '><a href='https:\/\/galerie3000.ch\/wordpress\/artists\/wenjie-dong\/attachment\/00271\/'><img loading=\"lazy\" decoding=\"async\" width=\"768\" height=\"921\" src=\"https:\/\/galerie3000.ch\/wordpress\/wp-content\/uploads\/2015\/11\/00271.jpg\" class=\"attachment-medium_large size-medium_large\" alt=\"\" srcset=\"https:\/\/galerie3000.ch\/wordpress\/wp-content\/uploads\/2015\/11\/00271.jpg 827w, https:\/\/galerie3000.ch\/wordpress\/wp-content\/uploads\/2015\/11\/00271-250x300.jpg 250w\" sizes=\"auto, (max-width: 768px) 100vw, 768px\" \/><\/a><\/div>\n\t\t\t\t\t<\/figure>\n\t\t\t\t\t<figure class='gallery-item col-3'>\n\t\t\t\t\t\t<div class='gallery-icon '><a href='https:\/\/galerie3000.ch\/wordpress\/raphael-stucky\/raphaelstucky-26-von-7\/'><img loading=\"lazy\" decoding=\"async\" width=\"640\" height=\"427\" src=\"https:\/\/galerie3000.ch\/wordpress\/wp-content\/uploads\/2015\/07\/raphaelStucky-26-von-7.jpg\" class=\"attachment-medium_large size-medium_large\" alt=\"\" srcset=\"https:\/\/galerie3000.ch\/wordpress\/wp-content\/uploads\/2015\/07\/raphaelStucky-26-von-7.jpg 640w, https:\/\/galerie3000.ch\/wordpress\/wp-content\/uploads\/2015\/07\/raphaelStucky-26-von-7-300x200.jpg 300w\" sizes=\"auto, (max-width: 640px) 100vw, 640px\" \/><\/a><\/div>\n\t\t\t\t\t\t<figcaption class='gallery-caption'>Installationsansicht der Ausstellung &#8222;Schritt halten&#8220; &#8211; Rapahel Stucky &#8211; 2015<\/figcaption>\n\t\t\t\t\t<\/figure>\n\t\t\t\t\t<figure class='gallery-item col-3'>\n\t\t\t\t\t\t<div class='gallery-icon '><a href='https:\/\/galerie3000.ch\/wordpress\/artists\/daniela-brugger\/foto-02-05-15-16-13-00\/'><img loading=\"lazy\" decoding=\"async\" width=\"768\" height=\"570\" src=\"https:\/\/galerie3000.ch\/wordpress\/wp-content\/uploads\/2015\/03\/Foto-02.05.15-16-13-00.jpg\" class=\"attachment-medium_large size-medium_large\" alt=\"\" srcset=\"https:\/\/galerie3000.ch\/wordpress\/wp-content\/uploads\/2015\/03\/Foto-02.05.15-16-13-00.jpg 2338w, https:\/\/galerie3000.ch\/wordpress\/wp-content\/uploads\/2015\/03\/Foto-02.05.15-16-13-00-300x222.jpg 300w, https:\/\/galerie3000.ch\/wordpress\/wp-content\/uploads\/2015\/03\/Foto-02.05.15-16-13-00-1024x759.jpg 1024w\" sizes=\"auto, (max-width: 768px) 100vw, 768px\" \/><\/a><\/div>\n\t\t\t\t\t\t<figcaption class='gallery-caption'>Daniela Brugger &#8211; 2015 &#8211; Installationsansicht<\/figcaption>\n\t\t\t\t\t<\/figure>\n\t\t\t\t<\/div>\n\t\t\t\t<div class='gallery-row gallery-col-3 gallery-clear'>\n\t\t\t\t\t<figure class='gallery-item col-3'>\n\t\t\t\t\t\t<div class='gallery-icon '><a href='https:\/\/galerie3000.ch\/wordpress\/artists\/nicole-a-wietlisbach\/galerie3000-5-von-7\/'><img loading=\"lazy\" decoding=\"async\" width=\"768\" height=\"576\" src=\"https:\/\/galerie3000.ch\/wordpress\/wp-content\/uploads\/2014\/09\/galerie3000-5-von-7.jpg\" class=\"attachment-medium_large size-medium_large\" alt=\"\" srcset=\"https:\/\/galerie3000.ch\/wordpress\/wp-content\/uploads\/2014\/09\/galerie3000-5-von-7.jpg 4000w, https:\/\/galerie3000.ch\/wordpress\/wp-content\/uploads\/2014\/09\/galerie3000-5-von-7-300x225.jpg 300w, https:\/\/galerie3000.ch\/wordpress\/wp-content\/uploads\/2014\/09\/galerie3000-5-von-7-1024x768.jpg 1024w\" sizes=\"auto, (max-width: 768px) 100vw, 768px\" \/><\/a><\/div>\n\t\t\t\t\t<\/figure>\n\t\t\t\t\t<figure class='gallery-item col-3'>\n\t\t\t\t\t\t<div class='gallery-icon '><a href='https:\/\/galerie3000.ch\/wordpress\/home\/victoriawigzell\/'><img loading=\"lazy\" decoding=\"async\" width=\"768\" height=\"548\" src=\"https:\/\/galerie3000.ch\/wordpress\/wp-content\/uploads\/2014\/09\/VictoriaWigzell.png\" class=\"attachment-medium_large size-medium_large\" alt=\"\" srcset=\"https:\/\/galerie3000.ch\/wordpress\/wp-content\/uploads\/2014\/09\/VictoriaWigzell.png 799w, https:\/\/galerie3000.ch\/wordpress\/wp-content\/uploads\/2014\/09\/VictoriaWigzell-300x214.png 300w, https:\/\/galerie3000.ch\/wordpress\/wp-content\/uploads\/2014\/09\/VictoriaWigzell-600x428.png 600w\" sizes=\"auto, (max-width: 768px) 100vw, 768px\" \/><\/a><\/div>\n\t\t\t\t\t\t<figcaption class='gallery-caption'>Victoria Wigzell &#8211; 2014<\/figcaption>\n\t\t\t\t\t<\/figure>\n\t\t\t\t\t<figure class='gallery-item col-3'>\n\t\t\t\t\t\t<div class='gallery-icon '><a href='https:\/\/galerie3000.ch\/wordpress\/artists\/nicole-a-wietlisbach\/einladungnwfront\/'><img loading=\"lazy\" decoding=\"async\" width=\"768\" height=\"545\" src=\"https:\/\/galerie3000.ch\/wordpress\/wp-content\/uploads\/2014\/09\/EinladungNWFront.png\" class=\"attachment-medium_large size-medium_large\" alt=\"Nicole A. Wietlisbach - 2014\" srcset=\"https:\/\/galerie3000.ch\/wordpress\/wp-content\/uploads\/2014\/09\/EinladungNWFront.png 1462w, https:\/\/galerie3000.ch\/wordpress\/wp-content\/uploads\/2014\/09\/EinladungNWFront-300x212.png 300w, https:\/\/galerie3000.ch\/wordpress\/wp-content\/uploads\/2014\/09\/EinladungNWFront-1024x727.png 1024w\" sizes=\"auto, (max-width: 768px) 100vw, 768px\" \/><\/a><\/div>\n\t\t\t\t\t<\/figure>\n\t\t\t\t<\/div>\n\t\t\t\t<div class='gallery-row gallery-col-3 gallery-clear'>\n\t\t\t\t\t<figure class='gallery-item col-3'>\n\t\t\t\t\t\t<div class='gallery-icon '><a href='https:\/\/galerie3000.ch\/wordpress\/artists\/neal-byrne-jossen\/nealbjossen\/'><img loading=\"lazy\" decoding=\"async\" width=\"768\" height=\"576\" src=\"https:\/\/galerie3000.ch\/wordpress\/wp-content\/uploads\/2013\/12\/nealbjossen1.jpg\" class=\"attachment-medium_large size-medium_large\" alt=\"Neal Byrne Jossen, Ausstellungsansicht, 2013\" srcset=\"https:\/\/galerie3000.ch\/wordpress\/wp-content\/uploads\/2013\/12\/nealbjossen1.jpg 4608w, https:\/\/galerie3000.ch\/wordpress\/wp-content\/uploads\/2013\/12\/nealbjossen1-300x225.jpg 300w, https:\/\/galerie3000.ch\/wordpress\/wp-content\/uploads\/2013\/12\/nealbjossen1-1024x768.jpg 1024w, https:\/\/galerie3000.ch\/wordpress\/wp-content\/uploads\/2013\/12\/nealbjossen1-600x450.jpg 600w\" sizes=\"auto, (max-width: 768px) 100vw, 768px\" \/><\/a><\/div>\n\t\t\t\t\t\t<figcaption class='gallery-caption'>Neal Byrne Jossen, Ausstellungsansicht, 2013<\/figcaption>\n\t\t\t\t\t<\/figure>\n\t\t\t\t\t<figure class='gallery-item col-3'>\n\t\t\t\t\t\t<div class='gallery-icon '><a href='https:\/\/galerie3000.ch\/wordpress\/artists\/claire-zumstein\/clairezumsteingalerie3000-1\/'><img loading=\"lazy\" decoding=\"async\" width=\"768\" height=\"1028\" src=\"https:\/\/galerie3000.ch\/wordpress\/wp-content\/uploads\/2013\/12\/claireZumsteinGalerie3000-11.jpg\" class=\"attachment-medium_large size-medium_large\" alt=\"\" srcset=\"https:\/\/galerie3000.ch\/wordpress\/wp-content\/uploads\/2013\/12\/claireZumsteinGalerie3000-11.jpg 1936w, https:\/\/galerie3000.ch\/wordpress\/wp-content\/uploads\/2013\/12\/claireZumsteinGalerie3000-11-224x300.jpg 224w, https:\/\/galerie3000.ch\/wordpress\/wp-content\/uploads\/2013\/12\/claireZumsteinGalerie3000-11-764x1024.jpg 764w, https:\/\/galerie3000.ch\/wordpress\/wp-content\/uploads\/2013\/12\/claireZumsteinGalerie3000-11-600x803.jpg 600w\" sizes=\"auto, (max-width: 768px) 100vw, 768px\" \/><\/a><\/div>\n\t\t\t\t\t<\/figure>\n\t\t\t\t\t<figure class='gallery-item col-3'>\n\t\t\t\t\t\t<div class='gallery-icon '><a href='https:\/\/galerie3000.ch\/wordpress\/artists\/liza-trottet\/2013-10-15-13-49-29\/'><img loading=\"lazy\" decoding=\"async\" width=\"768\" height=\"574\" src=\"https:\/\/galerie3000.ch\/wordpress\/wp-content\/uploads\/2013\/10\/2013-10-15-13.49.291.jpg\" class=\"attachment-medium_large size-medium_large\" alt=\"\" srcset=\"https:\/\/galerie3000.ch\/wordpress\/wp-content\/uploads\/2013\/10\/2013-10-15-13.49.291.jpg 2592w, https:\/\/galerie3000.ch\/wordpress\/wp-content\/uploads\/2013\/10\/2013-10-15-13.49.291-300x224.jpg 300w, https:\/\/galerie3000.ch\/wordpress\/wp-content\/uploads\/2013\/10\/2013-10-15-13.49.291-1024x764.jpg 1024w, https:\/\/galerie3000.ch\/wordpress\/wp-content\/uploads\/2013\/10\/2013-10-15-13.49.291-600x448.jpg 600w\" sizes=\"auto, (max-width: 768px) 100vw, 768px\" \/><\/a><\/div>\n\t\t\t\t\t<\/figure>\n\t\t\t\t<\/div>\n\t\t\t<\/div><!-- .gallery -->\n\n","protected":false},"excerpt":{"rendered":"<p>Zur Feier unserer hochgesch\u00e4tzten Nachbarin, der Stadtgalerie Bern, welche dieses Jahr ihr 20-j\u00e4hriges Bestehen begeht halten auch wir kurz inne und feiern mit. Die Galerie 3000 hat im Oktober 2013 ihre erste Ausstellung er\u00f6ffnet und seit da in 26 weiteren&#8230;<\/p>\n","protected":false},"author":2,"featured_media":0,"parent":0,"menu_order":0,"comment_status":"closed","ping_status":"closed","template":"page-template-fullwidth.php","meta":{"footnotes":""},"class_list":["post-1062","page","type-page","status-publish","hentry"],"_links":{"self":[{"href":"https:\/\/galerie3000.ch\/wordpress\/wp-json\/wp\/v2\/pages\/1062","targetHints":{"allow":["GET"]}}],"collection":[{"href":"https:\/\/galerie3000.ch\/wordpress\/wp-json\/wp\/v2\/pages"}],"about":[{"href":"https:\/\/galerie3000.ch\/wordpress\/wp-json\/wp\/v2\/types\/page"}],"author":[{"embeddable":true,"href":"https:\/\/galerie3000.ch\/wordpress\/wp-json\/wp\/v2\/users\/2"}],"replies":[{"embeddable":true,"href":"https:\/\/galerie3000.ch\/wordpress\/wp-json\/wp\/v2\/comments?post=1062"}],"version-history":[{"count":6,"href":"https:\/\/galerie3000.ch\/wordpress\/wp-json\/wp\/v2\/pages\/1062\/revisions"}],"predecessor-version":[{"id":1074,"href":"https:\/\/galerie3000.ch\/wordpress\/wp-json\/wp\/v2\/pages\/1062\/revisions\/1074"}],"wp:attachment":[{"href":"https:\/\/galerie3000.ch\/wordpress\/wp-json\/wp\/v2\/media?parent=1062"}],"curies":[{"name":"wp","href":"https:\/\/api.w.org\/{rel}","templated":true}]}}