{"id":104,"date":"2013-12-29T12:57:14","date_gmt":"2013-12-29T10:57:14","guid":{"rendered":"http:\/\/galerie3000.ch\/?page_id=104"},"modified":"2013-12-29T12:57:14","modified_gmt":"2013-12-29T10:57:14","slug":"claire-zumstein","status":"publish","type":"page","link":"https:\/\/galerie3000.ch\/wordpress\/artists\/claire-zumstein\/","title":{"rendered":"Claire Zumstein"},"content":{"rendered":"<p><a href=\"http:\/\/www.clairezumstein.ch\/\" target=\"_blank\">Claire Zumstein<\/a> (*1989), in der Galerie 3000 vom 24.1. &#8211; 15.2.2014.<\/p>\n<p>Lebt und arbeitet in CH Basel.<\/p>\n<p style=\"padding-left: 30px;\"><em><strong>Implosion<\/strong><\/em><\/p>\n<p style=\"padding-left: 30px;\">Was passiert mit dem Einzelbild eines Filmes, wenn es nur f\u00fcr sich selbst da steht? Kann die Bewegung, deren Teil es zuvor war, noch erkannt werden?<\/p>\n<p style=\"padding-left: 30px;\">Claire Zumstein m\u00f6chte in ihrer Arbeit zeigen, dass sich ein einzelnes Bild (Filmstill) durch Anwendung eines Bildercodes entschl\u00fcsseln und bewegen l\u00e4sst.<\/p>\n<p style=\"padding-left: 30px;\">Zum Beispiel mit Effekten der wechselnden Perspektive welche das Auge zwingen sich im Bild zu bewegen, oder Wandbilder welche den Betrachter sich selbst bewegen lassen. Mittels Architektur kann ein Bild teilweise verborgen werden und sich dann erst im Geiste der Betrachterin, des Betrachters vervollst\u00e4ndigen und dort lebendig werden.<\/p>\n<p style=\"padding-left: 30px;\">Bei der Arbeit Implosion ist die Zeichnung in einem Schrank platziert welcher jeweils f\u00fcr ein paar Stunden f\u00fcr das Publikum ge\u00f6ffnet ist.<\/p>\n<p style=\"padding-left: 30px;\">Der gef\u00e4cherte Strang des Bildes erzeugt das Gef\u00fchl f\u00fcr den Raum gefaltet zu sein in welchem es sich befindet. Form und Oberfl\u00e4che k\u00f6nnen nur vermutet werden. Das Objekt welches vor dem Bild platziert ist, \u00fcbernimmt die Rolle einer Signalethik der Bildlekt\u00fcre. Das Objekt enth\u00e4lt verschiedene Effekt-M\u00f6glichkeiten mit ihren Codes um das Bild in Bewegung zu bringen. Wie eine Art DNA verk\u00f6rpert es so einen Code zur Entschl\u00fcsselung der Darstellung.<\/p>\n<p><img loading=\"lazy\" decoding=\"async\" class=\"alignnone size-large wp-image-264\" alt=\"claireZumsteinGalerie3000 1\" src=\"http:\/\/galerie3000.ch\/wordpress\/wp-content\/uploads\/2013\/12\/claireZumsteinGalerie3000-11-764x1024.jpg\" width=\"550\" height=\"737\" srcset=\"https:\/\/galerie3000.ch\/wordpress\/wp-content\/uploads\/2013\/12\/claireZumsteinGalerie3000-11-764x1024.jpg 764w, https:\/\/galerie3000.ch\/wordpress\/wp-content\/uploads\/2013\/12\/claireZumsteinGalerie3000-11-224x300.jpg 224w, https:\/\/galerie3000.ch\/wordpress\/wp-content\/uploads\/2013\/12\/claireZumsteinGalerie3000-11-600x803.jpg 600w, https:\/\/galerie3000.ch\/wordpress\/wp-content\/uploads\/2013\/12\/claireZumsteinGalerie3000-11.jpg 1936w\" sizes=\"auto, (max-width: 550px) 100vw, 550px\" \/> <a href=\"http:\/\/galerie3000.ch\/wordpress\/wp-content\/uploads\/2013\/12\/claireZumsteinGalerie3000-21.jpg\"><img loading=\"lazy\" decoding=\"async\" class=\"alignnone size-large wp-image-265\" alt=\"claireZumsteinGalerie3000 2\" src=\"http:\/\/galerie3000.ch\/wordpress\/wp-content\/uploads\/2013\/12\/claireZumsteinGalerie3000-21-1024x764.jpg\" width=\"550\" height=\"410\" srcset=\"https:\/\/galerie3000.ch\/wordpress\/wp-content\/uploads\/2013\/12\/claireZumsteinGalerie3000-21-1024x764.jpg 1024w, https:\/\/galerie3000.ch\/wordpress\/wp-content\/uploads\/2013\/12\/claireZumsteinGalerie3000-21-300x224.jpg 300w, https:\/\/galerie3000.ch\/wordpress\/wp-content\/uploads\/2013\/12\/claireZumsteinGalerie3000-21-600x448.jpg 600w\" sizes=\"auto, (max-width: 550px) 100vw, 550px\" \/><\/a> <a href=\"http:\/\/galerie3000.ch\/wordpress\/wp-content\/uploads\/2013\/12\/claireZumsteinGalerie3000-31.jpg\"><img loading=\"lazy\" decoding=\"async\" class=\"alignnone size-large wp-image-266\" alt=\"claireZumsteinGalerie3000 3\" src=\"http:\/\/galerie3000.ch\/wordpress\/wp-content\/uploads\/2013\/12\/claireZumsteinGalerie3000-31-1024x764.jpg\" width=\"550\" height=\"410\" srcset=\"https:\/\/galerie3000.ch\/wordpress\/wp-content\/uploads\/2013\/12\/claireZumsteinGalerie3000-31-1024x764.jpg 1024w, https:\/\/galerie3000.ch\/wordpress\/wp-content\/uploads\/2013\/12\/claireZumsteinGalerie3000-31-300x224.jpg 300w, https:\/\/galerie3000.ch\/wordpress\/wp-content\/uploads\/2013\/12\/claireZumsteinGalerie3000-31-600x448.jpg 600w\" sizes=\"auto, (max-width: 550px) 100vw, 550px\" \/><\/a><\/p>\n<div id=\"attachment_248\" style=\"width: 829px\" class=\"wp-caption alignnone\"><a href=\"http:\/\/galerie3000.ch\/wordpress\/wp-content\/uploads\/2013\/12\/claireZumsteinRiehen1.jpg\"><img loading=\"lazy\" decoding=\"async\" aria-describedby=\"caption-attachment-248\" class=\"size-full wp-image-248\" alt=\"Ausstellungsansicht, Kunstraum Riehen 2013, Claire Zumstein\" src=\"http:\/\/galerie3000.ch\/wordpress\/wp-content\/uploads\/2013\/12\/claireZumsteinRiehen1.jpg\" width=\"819\" height=\"612\" srcset=\"https:\/\/galerie3000.ch\/wordpress\/wp-content\/uploads\/2013\/12\/claireZumsteinRiehen1.jpg 819w, https:\/\/galerie3000.ch\/wordpress\/wp-content\/uploads\/2013\/12\/claireZumsteinRiehen1-300x224.jpg 300w, https:\/\/galerie3000.ch\/wordpress\/wp-content\/uploads\/2013\/12\/claireZumsteinRiehen1-600x448.jpg 600w\" sizes=\"auto, (max-width: 819px) 100vw, 819px\" \/><\/a><p id=\"caption-attachment-248\" class=\"wp-caption-text\">Ausstellungsansicht, Kunstraum Riehen 2013, Claire Zumstein<\/p><\/div>\n<p>&nbsp;<\/p>\n<div id=\"attachment_228\" style=\"width: 560px\" class=\"wp-caption alignnone\"><a href=\"http:\/\/galerie3000.ch\/wordpress\/wp-content\/uploads\/2013\/12\/ClaireZumsteinriehen0031.jpg\"><img loading=\"lazy\" decoding=\"async\" aria-describedby=\"caption-attachment-228\" class=\"size-large wp-image-228\" alt=\"Claire Zumstein, 2013\" src=\"http:\/\/galerie3000.ch\/wordpress\/wp-content\/uploads\/2013\/12\/ClaireZumsteinriehen0031-730x1024.jpg\" width=\"550\" height=\"771\" srcset=\"https:\/\/galerie3000.ch\/wordpress\/wp-content\/uploads\/2013\/12\/ClaireZumsteinriehen0031-730x1024.jpg 730w, https:\/\/galerie3000.ch\/wordpress\/wp-content\/uploads\/2013\/12\/ClaireZumsteinriehen0031-214x300.jpg 214w, https:\/\/galerie3000.ch\/wordpress\/wp-content\/uploads\/2013\/12\/ClaireZumsteinriehen0031-600x840.jpg 600w, https:\/\/galerie3000.ch\/wordpress\/wp-content\/uploads\/2013\/12\/ClaireZumsteinriehen0031.jpg 1236w\" sizes=\"auto, (max-width: 550px) 100vw, 550px\" \/><\/a><p id=\"caption-attachment-228\" class=\"wp-caption-text\">Claire Zumstein, 2013<\/p><\/div>\n<p><a href=\"http:\/\/www.clairezumstein.ch\/\">\u00a0<\/a><\/p>\n<p>&nbsp;<\/p>\n<p>&nbsp;<\/p>\n","protected":false},"excerpt":{"rendered":"<p>Claire Zumstein (*1989), in der Galerie 3000 vom 24.1. &#8211; 15.2.2014. Lebt und arbeitet in CH Basel. Implosion Was passiert mit dem Einzelbild eines Filmes, wenn es nur f\u00fcr sich selbst da steht? Kann die Bewegung, deren Teil es zuvor&#8230;<\/p>\n","protected":false},"author":2,"featured_media":0,"parent":20,"menu_order":0,"comment_status":"closed","ping_status":"closed","template":"full-width-page.php","meta":{"footnotes":""},"class_list":["post-104","page","type-page","status-publish","hentry"],"_links":{"self":[{"href":"https:\/\/galerie3000.ch\/wordpress\/wp-json\/wp\/v2\/pages\/104","targetHints":{"allow":["GET"]}}],"collection":[{"href":"https:\/\/galerie3000.ch\/wordpress\/wp-json\/wp\/v2\/pages"}],"about":[{"href":"https:\/\/galerie3000.ch\/wordpress\/wp-json\/wp\/v2\/types\/page"}],"author":[{"embeddable":true,"href":"https:\/\/galerie3000.ch\/wordpress\/wp-json\/wp\/v2\/users\/2"}],"replies":[{"embeddable":true,"href":"https:\/\/galerie3000.ch\/wordpress\/wp-json\/wp\/v2\/comments?post=104"}],"version-history":[{"count":0,"href":"https:\/\/galerie3000.ch\/wordpress\/wp-json\/wp\/v2\/pages\/104\/revisions"}],"up":[{"embeddable":true,"href":"https:\/\/galerie3000.ch\/wordpress\/wp-json\/wp\/v2\/pages\/20"}],"wp:attachment":[{"href":"https:\/\/galerie3000.ch\/wordpress\/wp-json\/wp\/v2\/media?parent=104"}],"curies":[{"name":"wp","href":"https:\/\/api.w.org\/{rel}","templated":true}]}}